{"id":14142,"date":"2017-06-05T11:50:24","date_gmt":"2017-06-05T04:50:24","guid":{"rendered":"http:\/\/datet.vn\/?post_type=product&#038;p=14142"},"modified":"2017-09-22T15:30:38","modified_gmt":"2017-09-22T08:30:38","slug":"ban-nang-dong-co-dung-cu-di-dong-tp04001","status":"publish","type":"product","link":"https:\/\/datet.vn\/en\/shop\/thiet-bi-nang-ha\/ban-nang-dau-xe\/ban-nang-dong-co-dung-cu-di-dong-tp04001","title":{"rendered":"(Ti\u1ebfng Vi\u1ec7t) B\u00c0N N\u00c2NG \u0110\u1ed8NG C\u01a0, D\u1ee4NG C\u1ee4 DI \u0110\u1ed8NG  TP04001"},"content":{"rendered":"<p class=\"qtranxs-available-languages-message qtranxs-available-languages-message-en\">Sorry, this entry is only available in <a href=\"https:\/\/datet.vn\/vi\/wp-json\/wp\/v2\/product\/14142\" class=\"qtranxs-available-language-link qtranxs-available-language-link-vi\" title=\"Ti\u1ebfng Vi\u1ec7t\">Vietnamese<\/a>.<\/p>","protected":false},"excerpt":{"rendered":"<p>Sorry, this entry is only available in Vietnamese.<\/p>\n","protected":false},"featured_media":14143,"comment_status":"open","ping_status":"closed","template":"","meta":[],"_links":{"self":[{"href":"https:\/\/datet.vn\/en\/wp-json\/wp\/v2\/product\/14142"}],"collection":[{"href":"https:\/\/datet.vn\/en\/wp-json\/wp\/v2\/product"}],"about":[{"href":"https:\/\/datet.vn\/en\/wp-json\/wp\/v2\/types\/product"}],"replies":[{"embeddable":true,"href":"https:\/\/datet.vn\/en\/wp-json\/wp\/v2\/comments?post=14142"}],"wp:featuredmedia":[{"embeddable":true,"href":"https:\/\/datet.vn\/en\/wp-json\/wp\/v2\/media\/14143"}],"wp:attachment":[{"href":"https:\/\/datet.vn\/en\/wp-json\/wp\/v2\/media?parent=14142"}],"curies":[{"name":"wp","href":"https:\/\/api.w.org\/{rel}","templated":true}]}}