{"id":14225,"date":"2017-06-06T10:53:26","date_gmt":"2017-06-06T03:53:26","guid":{"rendered":"http:\/\/datet.vn\/?post_type=product&#038;p=14225"},"modified":"2017-09-22T15:27:26","modified_gmt":"2017-09-22T08:27:26","slug":"ban-nang-xe-may-tre4101","status":"publish","type":"product","link":"https:\/\/datet.vn\/en\/shop\/thiet-bi-nang-ha\/ban-nang-xe-may\/ban-nang-xe-may-tre4101","title":{"rendered":"(Ti\u1ebfng Vi\u1ec7t) B\u00c0N N\u00c2NG XE M\u00c1Y  TRE4101"},"content":{"rendered":"<p class=\"qtranxs-available-languages-message qtranxs-available-languages-message-en\">Sorry, this entry is only available in <a href=\"https:\/\/datet.vn\/vi\/wp-json\/wp\/v2\/product\/14225\" class=\"qtranxs-available-language-link qtranxs-available-language-link-vi\" title=\"Ti\u1ebfng Vi\u1ec7t\">Vietnamese<\/a>.<\/p>","protected":false},"excerpt":{"rendered":"<p>Sorry, this entry is only available in Vietnamese.<\/p>\n","protected":false},"featured_media":14226,"comment_status":"open","ping_status":"closed","template":"","meta":[],"_links":{"self":[{"href":"https:\/\/datet.vn\/en\/wp-json\/wp\/v2\/product\/14225"}],"collection":[{"href":"https:\/\/datet.vn\/en\/wp-json\/wp\/v2\/product"}],"about":[{"href":"https:\/\/datet.vn\/en\/wp-json\/wp\/v2\/types\/product"}],"replies":[{"embeddable":true,"href":"https:\/\/datet.vn\/en\/wp-json\/wp\/v2\/comments?post=14225"}],"wp:featuredmedia":[{"embeddable":true,"href":"https:\/\/datet.vn\/en\/wp-json\/wp\/v2\/media\/14226"}],"wp:attachment":[{"href":"https:\/\/datet.vn\/en\/wp-json\/wp\/v2\/media?parent=14225"}],"curies":[{"name":"wp","href":"https:\/\/api.w.org\/{rel}","templated":true}]}}