{"id":14229,"date":"2017-06-06T11:03:09","date_gmt":"2017-06-06T04:03:09","guid":{"rendered":"http:\/\/datet.vn\/?post_type=product&#038;p=14229"},"modified":"2017-09-22T15:27:16","modified_gmt":"2017-09-22T08:27:16","slug":"cau-nang-xe-may-2-chuc-nang-dien-co-dt-250dn","status":"publish","type":"product","link":"https:\/\/datet.vn\/en\/shop\/thiet-bi-nang-ha\/ban-nang-xe-may\/cau-nang-xe-may-2-chuc-nang-dien-co-dt-250dn","title":{"rendered":"(Ti\u1ebfng Vi\u1ec7t) B\u00c0N N\u00c2NG XE M\u00c1Y 2 CH\u1ee8C N\u0102NG \u0110I\u1ec6N &#8211; C\u01a0  DT-250DN"},"content":{"rendered":"<p class=\"qtranxs-available-languages-message qtranxs-available-languages-message-en\">Sorry, this entry is only available in <a href=\"https:\/\/datet.vn\/vi\/wp-json\/wp\/v2\/product\/14229\" class=\"qtranxs-available-language-link qtranxs-available-language-link-vi\" title=\"Ti\u1ebfng Vi\u1ec7t\">Vietnamese<\/a>.<\/p>","protected":false},"excerpt":{"rendered":"<p>Sorry, this entry is only available in Vietnamese.<\/p>\n","protected":false},"featured_media":14230,"comment_status":"open","ping_status":"closed","template":"","meta":[],"_links":{"self":[{"href":"https:\/\/datet.vn\/en\/wp-json\/wp\/v2\/product\/14229"}],"collection":[{"href":"https:\/\/datet.vn\/en\/wp-json\/wp\/v2\/product"}],"about":[{"href":"https:\/\/datet.vn\/en\/wp-json\/wp\/v2\/types\/product"}],"replies":[{"embeddable":true,"href":"https:\/\/datet.vn\/en\/wp-json\/wp\/v2\/comments?post=14229"}],"wp:featuredmedia":[{"embeddable":true,"href":"https:\/\/datet.vn\/en\/wp-json\/wp\/v2\/media\/14230"}],"wp:attachment":[{"href":"https:\/\/datet.vn\/en\/wp-json\/wp\/v2\/media?parent=14229"}],"curies":[{"name":"wp","href":"https:\/\/api.w.org\/{rel}","templated":true}]}}