{"id":15543,"date":"2017-07-04T10:51:46","date_gmt":"2017-07-04T03:51:46","guid":{"rendered":"http:\/\/datet.vn\/?post_type=product&#038;p=15543"},"modified":"2017-07-04T10:51:46","modified_gmt":"2017-07-04T03:51:46","slug":"may-doa-xi-lanh-xe-oto-vb500","status":"publish","type":"product","link":"https:\/\/datet.vn\/en\/shop\/thiet-bi-gia-cong-co-khi\/may-cong-cu-sua-chua-o-to\/may-doa-xi-lanh-xe-oto-vb500","title":{"rendered":"M\u00c1Y DOA XI LANH XE \u00d4T\u00d4 VB500"},"content":{"rendered":"<p class=\"qtranxs-available-languages-message qtranxs-available-languages-message-en\">Sorry, this entry is only available in <a href=\"https:\/\/datet.vn\/vi\/wp-json\/wp\/v2\/product\/15543\" class=\"qtranxs-available-language-link qtranxs-available-language-link-vi\" title=\"Ti\u1ebfng Vi\u1ec7t\">Vietnamese<\/a>.<\/p>","protected":false},"excerpt":{"rendered":"<p>Sorry, this entry is only available in Vietnamese.<\/p>\n","protected":false},"featured_media":15549,"comment_status":"open","ping_status":"closed","template":"","meta":[],"_links":{"self":[{"href":"https:\/\/datet.vn\/en\/wp-json\/wp\/v2\/product\/15543"}],"collection":[{"href":"https:\/\/datet.vn\/en\/wp-json\/wp\/v2\/product"}],"about":[{"href":"https:\/\/datet.vn\/en\/wp-json\/wp\/v2\/types\/product"}],"replies":[{"embeddable":true,"href":"https:\/\/datet.vn\/en\/wp-json\/wp\/v2\/comments?post=15543"}],"wp:featuredmedia":[{"embeddable":true,"href":"https:\/\/datet.vn\/en\/wp-json\/wp\/v2\/media\/15549"}],"wp:attachment":[{"href":"https:\/\/datet.vn\/en\/wp-json\/wp\/v2\/media?parent=15543"}],"curies":[{"name":"wp","href":"https:\/\/api.w.org\/{rel}","templated":true}]}}