{"id":15552,"date":"2017-07-04T11:03:34","date_gmt":"2017-07-04T04:03:34","guid":{"rendered":"http:\/\/datet.vn\/?post_type=product&#038;p=15552"},"modified":"2017-07-04T11:03:34","modified_gmt":"2017-07-04T04:03:34","slug":"may-mai-dia-thang-md350-t","status":"publish","type":"product","link":"https:\/\/datet.vn\/en\/shop\/thiet-bi-gia-cong-co-khi\/may-cong-cu-sua-chua-xe-may\/may-mai-dia-thang-md350-t","title":{"rendered":"M\u00c1Y M\u00c0I \u0110\u0128A TH\u1eaeNG MD350-T"},"content":{"rendered":"<p class=\"qtranxs-available-languages-message qtranxs-available-languages-message-en\">Sorry, this entry is only available in <a href=\"https:\/\/datet.vn\/vi\/wp-json\/wp\/v2\/product\/15552\" class=\"qtranxs-available-language-link qtranxs-available-language-link-vi\" title=\"Ti\u1ebfng Vi\u1ec7t\">Vietnamese<\/a>.<\/p>","protected":false},"excerpt":{"rendered":"<p>Sorry, this entry is only available in Vietnamese.<\/p>\n","protected":false},"featured_media":15553,"comment_status":"open","ping_status":"closed","template":"","meta":[],"_links":{"self":[{"href":"https:\/\/datet.vn\/en\/wp-json\/wp\/v2\/product\/15552"}],"collection":[{"href":"https:\/\/datet.vn\/en\/wp-json\/wp\/v2\/product"}],"about":[{"href":"https:\/\/datet.vn\/en\/wp-json\/wp\/v2\/types\/product"}],"replies":[{"embeddable":true,"href":"https:\/\/datet.vn\/en\/wp-json\/wp\/v2\/comments?post=15552"}],"wp:featuredmedia":[{"embeddable":true,"href":"https:\/\/datet.vn\/en\/wp-json\/wp\/v2\/media\/15553"}],"wp:attachment":[{"href":"https:\/\/datet.vn\/en\/wp-json\/wp\/v2\/media?parent=15552"}],"curies":[{"name":"wp","href":"https:\/\/api.w.org\/{rel}","templated":true}]}}