{"id":15554,"date":"2017-07-04T11:09:44","date_gmt":"2017-07-04T04:09:44","guid":{"rendered":"http:\/\/datet.vn\/?post_type=product&#038;p=15554"},"modified":"2017-07-04T11:09:44","modified_gmt":"2017-07-04T04:09:44","slug":"may-mai-cam-co-da-dang-cc1-h","status":"publish","type":"product","link":"https:\/\/datet.vn\/en\/shop\/thiet-bi-gia-cong-co-khi\/may-cong-cu-sua-chua-xe-may\/may-mai-cam-co-da-dang-cc1-h","title":{"rendered":"M\u00c1Y M\u00c0I CAM C\u00d2 \u0110A D\u1ea0NG CC1-H"},"content":{"rendered":"<p class=\"qtranxs-available-languages-message qtranxs-available-languages-message-en\">Sorry, this entry is only available in <a href=\"https:\/\/datet.vn\/vi\/wp-json\/wp\/v2\/product\/15554\" class=\"qtranxs-available-language-link qtranxs-available-language-link-vi\" title=\"Ti\u1ebfng Vi\u1ec7t\">Vietnamese<\/a>.<\/p>","protected":false},"excerpt":{"rendered":"<p>Sorry, this entry is only available in Vietnamese.<\/p>\n","protected":false},"featured_media":15555,"comment_status":"open","ping_status":"closed","template":"","meta":[],"_links":{"self":[{"href":"https:\/\/datet.vn\/en\/wp-json\/wp\/v2\/product\/15554"}],"collection":[{"href":"https:\/\/datet.vn\/en\/wp-json\/wp\/v2\/product"}],"about":[{"href":"https:\/\/datet.vn\/en\/wp-json\/wp\/v2\/types\/product"}],"replies":[{"embeddable":true,"href":"https:\/\/datet.vn\/en\/wp-json\/wp\/v2\/comments?post=15554"}],"wp:featuredmedia":[{"embeddable":true,"href":"https:\/\/datet.vn\/en\/wp-json\/wp\/v2\/media\/15555"}],"wp:attachment":[{"href":"https:\/\/datet.vn\/en\/wp-json\/wp\/v2\/media?parent=15554"}],"curies":[{"name":"wp","href":"https:\/\/api.w.org\/{rel}","templated":true}]}}