{"id":15560,"date":"2017-07-04T11:18:22","date_gmt":"2017-07-04T04:18:22","guid":{"rendered":"http:\/\/datet.vn\/?post_type=product&#038;p=15560"},"modified":"2017-07-04T11:18:22","modified_gmt":"2017-07-04T04:18:22","slug":"may-danh-bong-xi-lanh-xe-gan-may-hma-120-he-moi","status":"publish","type":"product","link":"https:\/\/datet.vn\/en\/shop\/thiet-bi-gia-cong-co-khi\/may-cong-cu-sua-chua-xe-may\/may-danh-bong-xi-lanh-xe-gan-may-hma-120-he-moi","title":{"rendered":"M\u00c1Y \u0110\u00c1NH B\u00d3NG XI LANH XE G\u1eaeN M\u00c1Y HMA 120 &#8211; H\u1ec6 M\u1edaI"},"content":{"rendered":"<p class=\"qtranxs-available-languages-message qtranxs-available-languages-message-en\">Sorry, this entry is only available in <a href=\"https:\/\/datet.vn\/vi\/wp-json\/wp\/v2\/product\/15560\" class=\"qtranxs-available-language-link qtranxs-available-language-link-vi\" title=\"Ti\u1ebfng Vi\u1ec7t\">Vietnamese<\/a>.<\/p>","protected":false},"excerpt":{"rendered":"<p>Sorry, this entry is only available in Vietnamese.<\/p>\n","protected":false},"featured_media":15561,"comment_status":"open","ping_status":"closed","template":"","meta":[],"_links":{"self":[{"href":"https:\/\/datet.vn\/en\/wp-json\/wp\/v2\/product\/15560"}],"collection":[{"href":"https:\/\/datet.vn\/en\/wp-json\/wp\/v2\/product"}],"about":[{"href":"https:\/\/datet.vn\/en\/wp-json\/wp\/v2\/types\/product"}],"replies":[{"embeddable":true,"href":"https:\/\/datet.vn\/en\/wp-json\/wp\/v2\/comments?post=15560"}],"wp:featuredmedia":[{"embeddable":true,"href":"https:\/\/datet.vn\/en\/wp-json\/wp\/v2\/media\/15561"}],"wp:attachment":[{"href":"https:\/\/datet.vn\/en\/wp-json\/wp\/v2\/media?parent=15560"}],"curies":[{"name":"wp","href":"https:\/\/api.w.org\/{rel}","templated":true}]}}