{"id":15562,"date":"2017-07-04T11:23:05","date_gmt":"2017-07-04T04:23:05","guid":{"rendered":"http:\/\/datet.vn\/?post_type=product&#038;p=15562"},"modified":"2017-07-04T11:23:05","modified_gmt":"2017-07-04T04:23:05","slug":"may-mai-tay-bien-va-ac-khong-thuy-luc-h1-n-truc-ngang","status":"publish","type":"product","link":"https:\/\/datet.vn\/en\/shop\/thiet-bi-gia-cong-co-khi\/may-cong-cu-sua-chua-xe-may\/may-mai-tay-bien-va-ac-khong-thuy-luc-h1-n-truc-ngang","title":{"rendered":"M\u00c1Y M\u00c0I TAY BI\u00caN V\u00c0 \u1eaeC KH\u00d4NG TH\u1ee6Y L\u1ef0C H1-N TR\u1ee4C NGANG"},"content":{"rendered":"<p><\/p>\n<div class=\"content_section tright\">\n<div class=\"ndtin\">\n<div class=\"motatin\">\n<h3><\/h3>\n<\/div>\n<\/div>\n<\/div>\n<p><\/p>","protected":false},"excerpt":{"rendered":"","protected":false},"featured_media":15563,"comment_status":"open","ping_status":"closed","template":"","meta":[],"_links":{"self":[{"href":"https:\/\/datet.vn\/en\/wp-json\/wp\/v2\/product\/15562"}],"collection":[{"href":"https:\/\/datet.vn\/en\/wp-json\/wp\/v2\/product"}],"about":[{"href":"https:\/\/datet.vn\/en\/wp-json\/wp\/v2\/types\/product"}],"replies":[{"embeddable":true,"href":"https:\/\/datet.vn\/en\/wp-json\/wp\/v2\/comments?post=15562"}],"wp:featuredmedia":[{"embeddable":true,"href":"https:\/\/datet.vn\/en\/wp-json\/wp\/v2\/media\/15563"}],"wp:attachment":[{"href":"https:\/\/datet.vn\/en\/wp-json\/wp\/v2\/media?parent=15562"}],"curies":[{"name":"wp","href":"https:\/\/api.w.org\/{rel}","templated":true}]}}