{"id":15579,"date":"2017-07-04T14:04:56","date_gmt":"2017-07-04T07:04:56","guid":{"rendered":"http:\/\/datet.vn\/?post_type=product&#038;p=15579"},"modified":"2017-07-04T14:07:51","modified_gmt":"2017-07-04T07:07:51","slug":"may-mai-tay-bien-va-ac-he-thuy-luc-h1-truc-ngang","status":"publish","type":"product","link":"https:\/\/datet.vn\/en\/shop\/thiet-bi-gia-cong-co-khi\/may-cong-cu-sua-chua-xe-may\/may-mai-tay-bien-va-ac-he-thuy-luc-h1-truc-ngang","title":{"rendered":"M\u00c1Y M\u00c0I TAY BI\u00caN V\u00c0 \u1eaeC H\u1ec6 TH\u1ee6Y L\u1ef0C &#8211; H1 TR\u1ee4C NGANG"},"content":{"rendered":"<p class=\"qtranxs-available-languages-message qtranxs-available-languages-message-en\">Sorry, this entry is only available in <a href=\"https:\/\/datet.vn\/vi\/wp-json\/wp\/v2\/product\/15579\" class=\"qtranxs-available-language-link qtranxs-available-language-link-vi\" title=\"Ti\u1ebfng Vi\u1ec7t\">Vietnamese<\/a>.<\/p>","protected":false},"excerpt":{"rendered":"<p>Sorry, this entry is only available in Vietnamese.<\/p>\n","protected":false},"featured_media":15582,"comment_status":"open","ping_status":"closed","template":"","meta":[],"_links":{"self":[{"href":"https:\/\/datet.vn\/en\/wp-json\/wp\/v2\/product\/15579"}],"collection":[{"href":"https:\/\/datet.vn\/en\/wp-json\/wp\/v2\/product"}],"about":[{"href":"https:\/\/datet.vn\/en\/wp-json\/wp\/v2\/types\/product"}],"replies":[{"embeddable":true,"href":"https:\/\/datet.vn\/en\/wp-json\/wp\/v2\/comments?post=15579"}],"wp:featuredmedia":[{"embeddable":true,"href":"https:\/\/datet.vn\/en\/wp-json\/wp\/v2\/media\/15582"}],"wp:attachment":[{"href":"https:\/\/datet.vn\/en\/wp-json\/wp\/v2\/media?parent=15579"}],"curies":[{"name":"wp","href":"https:\/\/api.w.org\/{rel}","templated":true}]}}