{"id":15585,"date":"2017-07-04T14:11:00","date_gmt":"2017-07-04T07:11:00","guid":{"rendered":"http:\/\/datet.vn\/?post_type=product&#038;p=15585"},"modified":"2017-07-04T14:21:04","modified_gmt":"2017-07-04T07:21:04","slug":"may-mai-tay-bien-va-ac-ab3","status":"publish","type":"product","link":"https:\/\/datet.vn\/en\/shop\/thiet-bi-gia-cong-co-khi\/may-cong-cu-sua-chua-xe-may\/may-mai-tay-bien-va-ac-ab3","title":{"rendered":"M\u00c1Y M\u00c0I TAY BI\u00caN V\u00c0 \u1eaeC AB3"},"content":{"rendered":"<p class=\"qtranxs-available-languages-message qtranxs-available-languages-message-en\">Sorry, this entry is only available in <a href=\"https:\/\/datet.vn\/vi\/wp-json\/wp\/v2\/product\/15585\" class=\"qtranxs-available-language-link qtranxs-available-language-link-vi\" title=\"Ti\u1ebfng Vi\u1ec7t\">Vietnamese<\/a>.<\/p>","protected":false},"excerpt":{"rendered":"<p>Sorry, this entry is only available in Vietnamese.<\/p>\n","protected":false},"featured_media":15587,"comment_status":"open","ping_status":"closed","template":"","meta":[],"_links":{"self":[{"href":"https:\/\/datet.vn\/en\/wp-json\/wp\/v2\/product\/15585"}],"collection":[{"href":"https:\/\/datet.vn\/en\/wp-json\/wp\/v2\/product"}],"about":[{"href":"https:\/\/datet.vn\/en\/wp-json\/wp\/v2\/types\/product"}],"replies":[{"embeddable":true,"href":"https:\/\/datet.vn\/en\/wp-json\/wp\/v2\/comments?post=15585"}],"wp:featuredmedia":[{"embeddable":true,"href":"https:\/\/datet.vn\/en\/wp-json\/wp\/v2\/media\/15587"}],"wp:attachment":[{"href":"https:\/\/datet.vn\/en\/wp-json\/wp\/v2\/media?parent=15585"}],"curies":[{"name":"wp","href":"https:\/\/api.w.org\/{rel}","templated":true}]}}