{"id":15898,"date":"2017-07-08T11:21:46","date_gmt":"2017-07-08T04:21:46","guid":{"rendered":"http:\/\/datet.vn\/?post_type=product&#038;p=15898"},"modified":"2017-09-22T14:45:46","modified_gmt":"2017-09-22T07:45:46","slug":"may-hut-dau-thai-dung-khi-nen","status":"publish","type":"product","link":"https:\/\/datet.vn\/en\/shop\/thiet-bi-dau-nhot\/binh-hut-nhot-thai-dong-co\/may-hut-dau-thai-dung-khi-nen","title":{"rendered":"OIL CHANGER"},"content":{"rendered":"<p align=\"left\"><strong>M\u00c1Y\u00a0 H\u00daT D\u1ea6U TH\u1ea2I D\u00d9NG\u00a0 KH\u00cd N\u00c9N<\/strong><\/p>\n<p><strong>MODEL<\/strong>:\u00a0\u00a0\u00a0\u00a0\u00a0\u00a0\u00a0\u00a0\u00a0\u00a0\u00a0\u00a0\u00a0\u00a0\u00a0\u00a0\u00a0\u00a0\u00a0\u00a0\u00a0\u00a0\u00a0\u00a0\u00a0\u00a0<strong>HC-2190<\/strong><br \/>\n\u00c1p su\u1ea5t h\u00fat:\u00a0\u00a0\u00a0\u00a0\u00a0\u00a0\u00a0\u00a0\u00a0\u00a0\u00a0\u00a0\u00a0\u00a0\u00a0\u00a0\u00a0\u00a0\u00a0\u00a0\u00a0\u00a0\u00a0<strong>0-0.9 kg\/cm2<\/strong><br \/>\n\u00c1p su\u1ea5t kh\u00ed v\u00e0o (kg\/cm2):<strong>8-10kg\/cm2<br \/>\n<\/strong>B\u00ecnh ch\u1ee9a:\u00a0\u00a0\u00a0\u00a0\u00a0\u00a0\u00a0\u00a0\u00a0\u00a0\u00a0\u00a0\u00a0\u00a0\u00a0\u00a0\u00a0\u00a0\u00a0\u00a0\u00a0\u00a0\u00a0\u00a0\u00a0<strong>80L\u00a0\/B\u00ecnh th\u1ee7y tinh 10L<\/strong><br \/>\nT\u1ed1c \u0111\u1ed9 h\u00fat:\u00a0\u00a0\u00a0\u00a0\u00a0\u00a0\u00a0\u00a0\u00a0\u00a0\u00a0\u00a0\u00a0\u00a0\u00a0\u00a0\u00a0\u00a0\u00a0\u00a0\u00a0\u00a0\u00a0\u00a0<strong>1-6.5 l\u00edt\/ph\u00fat<\/strong><br \/>\n\u00c1p su\u1ea5t x\u1ea3 d\u1ea7u<strong>:\u00a0\u00a0\u00a0\u00a0\u00a0\u00a0\u00a0\u00a0\u00a0\u00a0\u00a0\u00a0\u00a0\u00a0\u00a0\u00a0 0.85\/cm2<\/strong><br \/>\nNhi\u1ec7t \u0111\u1ed9 d\u1ea7u l\u00e0m vi\u1ec7c:\u00a0\u00a0\u00a0\u00a0<strong>&lt; 40-60 \u0111\u1ed9<\/strong><br \/>\nNhi\u1ec7t \u0111\u1ed9 d\u1ea7u b\u00ecnh ch\u1ee9a<strong>:\u00a0 &lt; 80 \u0111\u1ed9<\/strong><br \/>\nDung t\u00edch b\u00ecnh \u0111o d\u1ea7u:\u00a0\u00a0\u00a0\u00a0\u00a0\u00a0\u00a0<strong>10 l\u00edt<\/strong><br \/>\nK\u00edch th\u01b0\u1edbc:490\u00d7400\u00d71000mm\/\/270\u00d7270\u00d7575mm\u00a0<strong>(2 Th\u00f9ng<\/strong><\/p>\n","protected":false},"excerpt":{"rendered":"<p>M\u00c1Y\u00a0 H\u00daT D\u1ea6U TH\u1ea2I D\u00d9NG\u00a0 KH\u00cd N\u00c9N MODEL:\u00a0\u00a0\u00a0\u00a0\u00a0\u00a0\u00a0\u00a0\u00a0\u00a0\u00a0\u00a0\u00a0\u00a0\u00a0\u00a0\u00a0\u00a0\u00a0\u00a0\u00a0\u00a0\u00a0\u00a0\u00a0\u00a0HC-2190 \u00c1p su\u1ea5t h\u00fat:\u00a0\u00a0\u00a0\u00a0\u00a0\u00a0\u00a0\u00a0\u00a0\u00a0\u00a0\u00a0\u00a0\u00a0\u00a0\u00a0\u00a0\u00a0\u00a0\u00a0\u00a0\u00a0\u00a00-0.9 kg\/cm2 \u00c1p su\u1ea5t kh\u00ed v\u00e0o (kg\/cm2):8-10kg\/cm2 B\u00ecnh ch\u1ee9a:\u00a0\u00a0\u00a0\u00a0\u00a0\u00a0\u00a0\u00a0\u00a0\u00a0\u00a0\u00a0\u00a0\u00a0\u00a0\u00a0\u00a0\u00a0\u00a0\u00a0\u00a0\u00a0\u00a0\u00a0\u00a080L\u00a0\/B\u00ecnh th\u1ee7y tinh 10L T\u1ed1c \u0111\u1ed9 h\u00fat:\u00a0\u00a0\u00a0\u00a0\u00a0\u00a0\u00a0\u00a0\u00a0\u00a0\u00a0\u00a0\u00a0\u00a0\u00a0\u00a0\u00a0\u00a0\u00a0\u00a0\u00a0\u00a0\u00a0\u00a01-6.5 l\u00edt\/ph\u00fat \u00c1p su\u1ea5t x\u1ea3 d\u1ea7u:\u00a0\u00a0\u00a0\u00a0\u00a0\u00a0\u00a0\u00a0\u00a0\u00a0\u00a0\u00a0\u00a0\u00a0\u00a0\u00a0 0.85\/cm2 Nhi\u1ec7t \u0111\u1ed9 d\u1ea7u l\u00e0m vi\u1ec7c:\u00a0\u00a0\u00a0\u00a0&lt; 40-60 \u0111\u1ed9 Nhi\u1ec7t \u0111\u1ed9 d\u1ea7u b\u00ecnh ch\u1ee9a:\u00a0 &lt; 80 \u0111\u1ed9 Dung t\u00edch b\u00ecnh \u0111o d\u1ea7u:\u00a0\u00a0\u00a0\u00a0\u00a0\u00a0\u00a010 l\u00edt K\u00edch th\u01b0\u1edbc:490\u00d7400\u00d71000mm\/\/270\u00d7270\u00d7575mm\u00a0(2 Th\u00f9ng<\/p>\n","protected":false},"featured_media":15899,"comment_status":"open","ping_status":"closed","template":"","meta":[],"_links":{"self":[{"href":"https:\/\/datet.vn\/en\/wp-json\/wp\/v2\/product\/15898"}],"collection":[{"href":"https:\/\/datet.vn\/en\/wp-json\/wp\/v2\/product"}],"about":[{"href":"https:\/\/datet.vn\/en\/wp-json\/wp\/v2\/types\/product"}],"replies":[{"embeddable":true,"href":"https:\/\/datet.vn\/en\/wp-json\/wp\/v2\/comments?post=15898"}],"wp:featuredmedia":[{"embeddable":true,"href":"https:\/\/datet.vn\/en\/wp-json\/wp\/v2\/media\/15899"}],"wp:attachment":[{"href":"https:\/\/datet.vn\/en\/wp-json\/wp\/v2\/media?parent=15898"}],"curies":[{"name":"wp","href":"https:\/\/api.w.org\/{rel}","templated":true}]}}