{"id":15958,"date":"2017-07-08T15:15:09","date_gmt":"2017-07-08T08:15:09","guid":{"rendered":"http:\/\/datet.vn\/?post_type=product&#038;p=15958"},"modified":"2017-09-22T14:44:37","modified_gmt":"2017-09-22T07:44:37","slug":"may-bom-xanghoa-chatbom-dau-thung-phuy-dien-hpmm-180l-200l","status":"publish","type":"product","link":"https:\/\/datet.vn\/en\/shop\/thiet-bi-dau-nhot\/thiet-bi-bom-nhot\/may-bom-xanghoa-chatbom-dau-thung-phuy-dien-hpmm-180l-200l","title":{"rendered":"OIL PUMPER"},"content":{"rendered":"<p><strong>M\u00c1Y B\u01a0M X\u0102NG,HO\u00c1 CH\u1ea4T,B\u01a0M D\u1ea6U TH\u00d9NG PHUY \u0110I\u1ec6N HPMM 180L-200L<br \/>\n-Model:\u00a0\u00a0\u00a0\u00a0\u00a0\u00a0\u00a0\u00a0\u00a0\u00a0\u00a0\u00a0\u00a0\u00a0\u00a0\u00a0\u00a0\u00a0\u00a0\u00a0\u00a0 HG-2990D<\/strong><br \/>\n&#8211; \u0110i\u1ec7n \u00e1p:\u00a0\u00a0\u00a0\u00a0\u00a0\u00a0\u00a0\u00a0\u00a0\u00a0\u00a0\u00a0\u00a0\u00a0\u00a0\u00a0\u00a0 6 ~ 8 bar<br \/>\n&#8211; Nguy\u00ean l\u00fd l\u00e0m vi\u1ec7c: d\u00f9ng \u0111i\u1ec7n<br \/>\n&#8211; L\u01b0u l\u01b0\u1ee3ng b\u01a1m :\u00a0\u00a0\u00a0\u00a0 8-18 l\u00edt\/ph\u00fat<br \/>\n&#8211; \u0110\u01b0\u1eddng k\u00ednh d\u00e2y \u0111\u1eabn: 30mm<br \/>\n&#8211; \u0110\u1ea7u kh\u1ed1p n\u1ed1i :\u00a0\u00a0\u00a0\u00a0\u00a0\u00a0\u00a0 \u00bd BSP<br \/>\nChi\u1ec1u d\u00e0i b\u01a1m :\u00a0\u00a0\u00a0\u00a0\u00a0\u00a0\u00a0 940\/37\u2019\u2019<br \/>\n-D\u00e2y \u0111\u1eabn :\u00a0\u00a0\u00a0\u00a0\u00a0\u00a0\u00a0\u00a0\u00a0\u00a0\u00a0\u00a0\u00a0\u00a0\u00a0 4mm<br \/>\n-Tr\u1ecdng l\u01b0\u1ee3ng:<br \/>\n&#8211; \u1ee8ng d\u1ee5ng: ch\u1ea5t l\u1ecfng kh\u00f4ng mang t\u00ednh \u0103n m\u00f2n nh\u01b0 d\u1ea7u,h\u00f3a ch\u1ea5t<\/p>\n","protected":false},"excerpt":{"rendered":"<p>M\u00c1Y B\u01a0M X\u0102NG,HO\u00c1 CH\u1ea4T,B\u01a0M D\u1ea6U TH\u00d9NG PHUY \u0110I\u1ec6N HPMM 180L-200L -Model:\u00a0\u00a0\u00a0\u00a0\u00a0\u00a0\u00a0\u00a0\u00a0\u00a0\u00a0\u00a0\u00a0\u00a0\u00a0\u00a0\u00a0\u00a0\u00a0\u00a0\u00a0 HG-2990D &#8211; \u0110i\u1ec7n \u00e1p:\u00a0\u00a0\u00a0\u00a0\u00a0\u00a0\u00a0\u00a0\u00a0\u00a0\u00a0\u00a0\u00a0\u00a0\u00a0\u00a0\u00a0 6 ~ 8 bar &#8211; Nguy\u00ean l\u00fd l\u00e0m vi\u1ec7c: d\u00f9ng \u0111i\u1ec7n &#8211; L\u01b0u l\u01b0\u1ee3ng b\u01a1m :\u00a0\u00a0\u00a0\u00a0 8-18 l\u00edt\/ph\u00fat &#8211; \u0110\u01b0\u1eddng k\u00ednh d\u00e2y \u0111\u1eabn: 30mm &#8211; \u0110\u1ea7u kh\u1ed1p n\u1ed1i :\u00a0\u00a0\u00a0\u00a0\u00a0\u00a0\u00a0 \u00bd BSP Chi\u1ec1u d\u00e0i b\u01a1m :\u00a0\u00a0\u00a0\u00a0\u00a0\u00a0\u00a0 940\/37\u2019\u2019 -D\u00e2y \u0111\u1eabn :\u00a0\u00a0\u00a0\u00a0\u00a0\u00a0\u00a0\u00a0\u00a0\u00a0\u00a0\u00a0\u00a0\u00a0\u00a0 4mm [&hellip;]<\/p>\n","protected":false},"featured_media":15959,"comment_status":"open","ping_status":"closed","template":"","meta":[],"_links":{"self":[{"href":"https:\/\/datet.vn\/en\/wp-json\/wp\/v2\/product\/15958"}],"collection":[{"href":"https:\/\/datet.vn\/en\/wp-json\/wp\/v2\/product"}],"about":[{"href":"https:\/\/datet.vn\/en\/wp-json\/wp\/v2\/types\/product"}],"replies":[{"embeddable":true,"href":"https:\/\/datet.vn\/en\/wp-json\/wp\/v2\/comments?post=15958"}],"wp:featuredmedia":[{"embeddable":true,"href":"https:\/\/datet.vn\/en\/wp-json\/wp\/v2\/media\/15959"}],"wp:attachment":[{"href":"https:\/\/datet.vn\/en\/wp-json\/wp\/v2\/media?parent=15958"}],"curies":[{"name":"wp","href":"https:\/\/api.w.org\/{rel}","templated":true}]}}