{"id":16198,"date":"2017-07-14T08:41:01","date_gmt":"2017-07-14T01:41:01","guid":{"rendered":"http:\/\/datet.vn\/?post_type=product&#038;p=16198"},"modified":"2017-09-22T15:11:23","modified_gmt":"2017-09-22T08:11:23","slug":"den-cong-cu-cam-tay-dtc-101","status":"publish","type":"product","link":"https:\/\/datet.vn\/en\/shop\/thiet-bi-khi-nen\/den-cong-cu-cam-tay-dtc-101","title":{"rendered":"\u0110\u00c8N C\u00d4NG C\u1ee4 C\u1ea6M TAY DTC-101"},"content":{"rendered":"<p class=\"qtranxs-available-languages-message qtranxs-available-languages-message-en\">Sorry, this entry is only available in <a href=\"https:\/\/datet.vn\/vi\/wp-json\/wp\/v2\/product\/16198\" class=\"qtranxs-available-language-link qtranxs-available-language-link-vi\" title=\"Ti\u1ebfng Vi\u1ec7t\">Vietnamese<\/a>.<\/p>","protected":false},"excerpt":{"rendered":"<p>Sorry, this entry is only available in Vietnamese.<\/p>\n","protected":false},"featured_media":16199,"comment_status":"open","ping_status":"closed","template":"","meta":[],"_links":{"self":[{"href":"https:\/\/datet.vn\/en\/wp-json\/wp\/v2\/product\/16198"}],"collection":[{"href":"https:\/\/datet.vn\/en\/wp-json\/wp\/v2\/product"}],"about":[{"href":"https:\/\/datet.vn\/en\/wp-json\/wp\/v2\/types\/product"}],"replies":[{"embeddable":true,"href":"https:\/\/datet.vn\/en\/wp-json\/wp\/v2\/comments?post=16198"}],"wp:featuredmedia":[{"embeddable":true,"href":"https:\/\/datet.vn\/en\/wp-json\/wp\/v2\/media\/16199"}],"wp:attachment":[{"href":"https:\/\/datet.vn\/en\/wp-json\/wp\/v2\/media?parent=16198"}],"curies":[{"name":"wp","href":"https:\/\/api.w.org\/{rel}","templated":true}]}}