{"id":16383,"date":"2017-07-14T15:23:25","date_gmt":"2017-07-14T08:23:25","guid":{"rendered":"http:\/\/datet.vn\/?post_type=product&#038;p=16383"},"modified":"2017-07-14T15:23:25","modified_gmt":"2017-07-14T08:23:25","slug":"bo-keo-nan-khung-xe-2","status":"publish","type":"product","link":"https:\/\/datet.vn\/en\/shop\/thiet-bi-sua-than-xe\/bo-keo-nan-khung-xe-2","title":{"rendered":"CAR BENCH"},"content":{"rendered":"<p><\/p>\n<div class=\"content_section tright\">\n<div class=\"ndtin\">\n<div class=\"battt\"><\/div>\n<div class=\"motatin\">\n<p><strong>B\u1ed9 k\u00e9o n\u1eafn khung xe tai n\u1ea1n<\/strong><\/p>\n<ul>\n<li>Xu\u1ea5t x\u1ee9: TRUNG QU\u1ed0C<\/li>\n<li>Nh\u1eadp kh\u1ea9u v\u00e0 ph\u00e2n ph\u1ed1i:\u00a0<strong>THI\u1ebeT B\u1eca \u00d4 T\u00d4 \u0110\u1eaeC T\u00cdN<\/strong><\/li>\n<\/ul>\n<\/div>\n<\/div>\n<\/div>\n<div class=\"content_section tright\"><\/div>\n<p><\/p>","protected":false},"excerpt":{"rendered":"<p>B\u1ed9 k\u00e9o n\u1eafn khung xe tai n\u1ea1n Xu\u1ea5t x\u1ee9: TRUNG QU\u1ed0C Nh\u1eadp kh\u1ea9u v\u00e0 ph\u00e2n ph\u1ed1i:\u00a0THI\u1ebeT B\u1eca \u00d4 T\u00d4 \u0110\u1eaeC T\u00cdN<\/p>\n","protected":false},"featured_media":16384,"comment_status":"open","ping_status":"closed","template":"","meta":[],"_links":{"self":[{"href":"https:\/\/datet.vn\/en\/wp-json\/wp\/v2\/product\/16383"}],"collection":[{"href":"https:\/\/datet.vn\/en\/wp-json\/wp\/v2\/product"}],"about":[{"href":"https:\/\/datet.vn\/en\/wp-json\/wp\/v2\/types\/product"}],"replies":[{"embeddable":true,"href":"https:\/\/datet.vn\/en\/wp-json\/wp\/v2\/comments?post=16383"}],"wp:featuredmedia":[{"embeddable":true,"href":"https:\/\/datet.vn\/en\/wp-json\/wp\/v2\/media\/16384"}],"wp:attachment":[{"href":"https:\/\/datet.vn\/en\/wp-json\/wp\/v2\/media?parent=16383"}],"curies":[{"name":"wp","href":"https:\/\/api.w.org\/{rel}","templated":true}]}}