{"id":16852,"date":"2017-07-17T14:41:46","date_gmt":"2017-07-17T07:41:46","guid":{"rendered":"http:\/\/datet.vn\/?post_type=product&#038;p=16852"},"modified":"2017-07-17T14:41:46","modified_gmt":"2017-07-17T07:41:46","slug":"kich-hoi-thuy-luc","status":"publish","type":"product","link":"https:\/\/datet.vn\/en\/shop\/thiet-bi-thuy-luc\/kich-hoi-thuy-luc","title":{"rendered":"AIR HYDRAULIC JACK"},"content":{"rendered":"<p><\/p>\n<div class=\"battt\"><\/div>\n<div class=\"motatin\">\n<p><strong>\u0110\u1ed9i c\u00e1 s\u1ea5u kh\u00ed n\u00e9n &#8211; th\u1ee7y l\u1ef1c:<\/strong><\/p>\n<ul>\n<li>Xu\u1ea5t x\u1ee9: TRUNG QU\u1ed0C<\/li>\n<li>Nh\u1eadp kh\u1ea9u v\u00e0 ph\u00e2n ph\u1ed1i:\u00a0<strong>THI\u1ebeT B\u1eca \u00d4 T\u00d4 \u0110\u1eaeC T\u00cdN<\/strong><\/li>\n<\/ul>\n<p>&nbsp;<\/p>\n<table border=\"1\" cellspacing=\"0\" cellpadding=\"0\">\n<tbody>\n<tr>\n<td width=\"302\"><strong>Model<\/strong><\/td>\n<td width=\"463\">\n<p align=\"center\"><strong>XRDAJ22<\/strong><\/p>\n<\/td>\n<\/tr>\n<tr>\n<td width=\"302\"><strong>S\u1ee9c n\u00e2ng<\/strong><\/td>\n<td width=\"463\">\n<p align=\"center\">22 Ton<\/p>\n<\/td>\n<\/tr>\n<tr>\n<td width=\"302\"><strong>\u00c1p kh\u00ed n\u00e9n v\u00e0o &#8211; ra<\/strong><\/td>\n<td width=\"463\">\n<p align=\"center\">0.8 \u2013 1.2 MPa<\/p>\n<\/td>\n<\/tr>\n<tr>\n<td width=\"302\"><strong>\u00c1p l\u1ef1c th\u1ee7y l\u1ef1c ho\u1ea1t \u0111\u1ed9ng<\/strong><\/td>\n<td width=\"463\">\n<p align=\"center\">120 \u2013 200 Psi<\/p>\n<\/td>\n<\/tr>\n<tr>\n<td width=\"302\"><strong>\u00c1p l\u1ef1c kh\u00ed n\u00e9n ho\u1ea1t \u0111\u1ed9ng<\/strong><\/td>\n<td width=\"463\">\n<p align=\"center\">120 \u2013 180 Psi<\/p>\n<\/td>\n<\/tr>\n<tr>\n<td width=\"302\"><strong>Chi\u1ec1u cao t\u1ed1i thi\u1ec3u<\/strong><\/td>\n<td width=\"463\">\n<p align=\"center\">245 mm<\/p>\n<\/td>\n<\/tr>\n<tr>\n<td width=\"302\"><strong>Chi\u1ec1u cao t\u1ed1i \u0111a<\/strong><\/td>\n<td width=\"463\">\n<p align=\"center\">535 mm<\/p>\n<\/td>\n<\/tr>\n<tr>\n<td width=\"302\"><strong>Chi\u1ec1u cao n\u00e2ng<\/strong><\/td>\n<td width=\"463\">\n<p align=\"center\">290 mm<\/p>\n<\/td>\n<\/tr>\n<tr>\n<td width=\"302\"><strong>Chi\u1ec1u cao c\u1ee5c k\u00ea<\/strong><\/td>\n<td width=\"463\">\n<p align=\"center\">80 mm<\/p>\n<\/td>\n<\/tr>\n<tr>\n<td width=\"302\"><strong>Tr\u1ecdng l\u01b0\u1ee3ng<\/strong><\/td>\n<td width=\"463\">\n<p align=\"center\">36 kg<\/p>\n<\/td>\n<\/tr>\n<\/tbody>\n<\/table>\n<p>&nbsp;<\/p>\n<p>&nbsp;<\/p>\n<\/div>\n<p><\/p>","protected":false},"excerpt":{"rendered":"<p>\u0110\u1ed9i c\u00e1 s\u1ea5u kh\u00ed n\u00e9n &#8211; th\u1ee7y l\u1ef1c: Xu\u1ea5t x\u1ee9: TRUNG QU\u1ed0C Nh\u1eadp kh\u1ea9u v\u00e0 ph\u00e2n ph\u1ed1i:\u00a0THI\u1ebeT B\u1eca \u00d4 T\u00d4 \u0110\u1eaeC T\u00cdN &nbsp; Model XRDAJ22 S\u1ee9c n\u00e2ng 22 Ton \u00c1p kh\u00ed n\u00e9n v\u00e0o &#8211; ra 0.8 \u2013 1.2 MPa \u00c1p l\u1ef1c th\u1ee7y l\u1ef1c ho\u1ea1t \u0111\u1ed9ng 120 \u2013 200 Psi \u00c1p l\u1ef1c kh\u00ed n\u00e9n ho\u1ea1t \u0111\u1ed9ng [&hellip;]<\/p>\n","protected":false},"featured_media":16853,"comment_status":"open","ping_status":"closed","template":"","meta":[],"_links":{"self":[{"href":"https:\/\/datet.vn\/en\/wp-json\/wp\/v2\/product\/16852"}],"collection":[{"href":"https:\/\/datet.vn\/en\/wp-json\/wp\/v2\/product"}],"about":[{"href":"https:\/\/datet.vn\/en\/wp-json\/wp\/v2\/types\/product"}],"replies":[{"embeddable":true,"href":"https:\/\/datet.vn\/en\/wp-json\/wp\/v2\/comments?post=16852"}],"wp:featuredmedia":[{"embeddable":true,"href":"https:\/\/datet.vn\/en\/wp-json\/wp\/v2\/media\/16853"}],"wp:attachment":[{"href":"https:\/\/datet.vn\/en\/wp-json\/wp\/v2\/media?parent=16852"}],"curies":[{"name":"wp","href":"https:\/\/api.w.org\/{rel}","templated":true}]}}