{"id":17363,"date":"2017-07-20T14:39:37","date_gmt":"2017-07-20T07:39:37","guid":{"rendered":"http:\/\/datet.vn\/?post_type=product&#038;p=17363"},"modified":"2017-07-20T14:39:37","modified_gmt":"2017-07-20T07:39:37","slug":"vong-ep-sec-mang-3","status":"publish","type":"product","link":"https:\/\/datet.vn\/en\/shop\/uncategorized\/vong-ep-sec-mang-3","title":{"rendered":"(Ti\u1ebfng Vi\u1ec7t) V\u00d2NG \u00c9P S\u00c9C M\u0102NG"},"content":{"rendered":"<p class=\"qtranxs-available-languages-message qtranxs-available-languages-message-en\">Sorry, this entry is only available in <a href=\"https:\/\/datet.vn\/vi\/wp-json\/wp\/v2\/product\/17363\" class=\"qtranxs-available-language-link qtranxs-available-language-link-vi\" title=\"Ti\u1ebfng Vi\u1ec7t\">Vietnamese<\/a>.<\/p>","protected":false},"excerpt":{"rendered":"<p>Sorry, this entry is only available in Vietnamese.<\/p>\n","protected":false},"featured_media":17362,"comment_status":"open","ping_status":"closed","template":"","meta":[],"_links":{"self":[{"href":"https:\/\/datet.vn\/en\/wp-json\/wp\/v2\/product\/17363"}],"collection":[{"href":"https:\/\/datet.vn\/en\/wp-json\/wp\/v2\/product"}],"about":[{"href":"https:\/\/datet.vn\/en\/wp-json\/wp\/v2\/types\/product"}],"replies":[{"embeddable":true,"href":"https:\/\/datet.vn\/en\/wp-json\/wp\/v2\/comments?post=17363"}],"wp:featuredmedia":[{"embeddable":true,"href":"https:\/\/datet.vn\/en\/wp-json\/wp\/v2\/media\/17362"}],"wp:attachment":[{"href":"https:\/\/datet.vn\/en\/wp-json\/wp\/v2\/media?parent=17363"}],"curies":[{"name":"wp","href":"https:\/\/api.w.org\/{rel}","templated":true}]}}