{"id":17551,"date":"2017-07-22T15:30:27","date_gmt":"2017-07-22T08:30:27","guid":{"rendered":"http:\/\/datet.vn\/?post_type=product&#038;p=17551"},"modified":"2017-09-22T15:44:51","modified_gmt":"2017-09-22T08:44:51","slug":"kich-nang-hop-so-oto-2-tang-dung","status":"publish","type":"product","link":"https:\/\/datet.vn\/en\/shop\/thiet-bi-sua-dong-co\/kich-nang-hop-so-oto-2-tang-dung","title":{"rendered":"(Ti\u1ebfng Vi\u1ec7t) K\u00cdCH N\u00c2NG H\u1ed8P S\u1ed0 \u00d4T\u00d4 2 T\u1ea6NG \u0110\u1ee8NG"},"content":{"rendered":"<p><\/p>\n<div class=\"content_section tright\">\n<div class=\"ndtin\">\n<div class=\"battt\">\n<div class=\"hianh\">\n<div class=\"zoomPad\">\n<p>&nbsp;<\/p>\n<div class=\"zoomPreload\"><\/div>\n<\/div>\n<\/div>\n<div class=\"tentin\">\n<ul class=\"nav\">\n<li>\n<div class=\"like-fb\">\n<div class=\"addthis_toolbox addthis_default_style \">\n<div class=\"atclear\"><\/div>\n<\/div>\n<\/div>\n<\/li>\n<\/ul>\n<\/div>\n<\/div>\n<div class=\"motatin\">\n<h3><\/h3>\n<p>K\u00cdCH N\u00c2NG H\u1ed8P S\u1ed0 \u00d4T\u00d4 2 T\u1ea6NG \u0110\u1ee8NG<br \/>\nModel:\u00a0\u00a0\u00a0\u00a0\u00a0\u00a0\u00a0\u00a0\u00a0\u00a0\u00a0\u00a0\u00a0\u00a0 \u00a0\u00a0\u00a0\u00a0\u00a0\u00a0\u00a0<strong>HWD-102<\/strong><br \/>\n<strong>-G\u1ed3m 02 xi lanh<\/strong><strong><br \/>\n-S\u1ee9c n\u00e2ng :\u00a0\u00a0\u00a0\u00a0\u00a0\u00a0\u00a0\u00a0\u00a0\u00a0\u00a0\u00a0\u00a0\u00a0\u00a0\u00a0\u00a0<\/strong>600 kg<br \/>\n<strong>-Chi\u1ec1u cao n\u00e2ng max<\/strong>: 1760 mm<strong><br \/>\n-Chi\u1ec1u cao n\u00e2ng min:\u00a0\u00a0<\/strong>855 mm<strong><br \/>\n-K\u00edch th\u01b0\u1edbc ph\u1ee7 b\u00ec:\u00a0\u00a0\u00a0\u00a0<\/strong>780 x680 x 960<strong>(mm)<br \/>\nK\u00edch th\u01b0\u1edbc \u0111\u00f4ng g\u00f3i:\u00a0\u00a0<\/strong>520x320x770(mm<strong>)<\/strong><\/p>\n<\/div>\n<\/div>\n<\/div>\n<div class=\"content_section tright\">\n<div id=\"h22\">\n<h2><\/h2>\n<\/div>\n<\/div>\n<p><\/p>","protected":false},"excerpt":{"rendered":"<p>&nbsp; K\u00cdCH N\u00c2NG H\u1ed8P S\u1ed0 \u00d4T\u00d4 2 T\u1ea6NG \u0110\u1ee8NG Model:\u00a0\u00a0\u00a0\u00a0\u00a0\u00a0\u00a0\u00a0\u00a0\u00a0\u00a0\u00a0\u00a0\u00a0 \u00a0\u00a0\u00a0\u00a0\u00a0\u00a0\u00a0HWD-102 -G\u1ed3m 02 xi lanh -S\u1ee9c n\u00e2ng :\u00a0\u00a0\u00a0\u00a0\u00a0\u00a0\u00a0\u00a0\u00a0\u00a0\u00a0\u00a0\u00a0\u00a0\u00a0\u00a0\u00a0600 kg -Chi\u1ec1u cao n\u00e2ng max: 1760 mm -Chi\u1ec1u cao n\u00e2ng min:\u00a0\u00a0855 mm -K\u00edch th\u01b0\u1edbc ph\u1ee7 b\u00ec:\u00a0\u00a0\u00a0\u00a0780 x680 x 960(mm) K\u00edch th\u01b0\u1edbc \u0111\u00f4ng g\u00f3i:\u00a0\u00a0520x320x770(mm)<\/p>\n","protected":false},"featured_media":17552,"comment_status":"open","ping_status":"closed","template":"","meta":[],"_links":{"self":[{"href":"https:\/\/datet.vn\/en\/wp-json\/wp\/v2\/product\/17551"}],"collection":[{"href":"https:\/\/datet.vn\/en\/wp-json\/wp\/v2\/product"}],"about":[{"href":"https:\/\/datet.vn\/en\/wp-json\/wp\/v2\/types\/product"}],"replies":[{"embeddable":true,"href":"https:\/\/datet.vn\/en\/wp-json\/wp\/v2\/comments?post=17551"}],"wp:featuredmedia":[{"embeddable":true,"href":"https:\/\/datet.vn\/en\/wp-json\/wp\/v2\/media\/17552"}],"wp:attachment":[{"href":"https:\/\/datet.vn\/en\/wp-json\/wp\/v2\/media?parent=17551"}],"curies":[{"name":"wp","href":"https:\/\/api.w.org\/{rel}","templated":true}]}}