{"id":17942,"date":"2017-08-19T14:59:59","date_gmt":"2017-08-19T07:59:59","guid":{"rendered":"http:\/\/datet.vn\/?post_type=product&#038;p=17942"},"modified":"2017-09-22T14:15:45","modified_gmt":"2017-09-22T07:15:45","slug":"den-say-son-oto-2-bong","status":"publish","type":"product","link":"https:\/\/datet.vn\/en\/shop\/thiet-bi-dong-son\/den-say-son-oto-2-bong","title":{"rendered":"(Ti\u1ebfng Vi\u1ec7t) \u0110\u00c8N S\u1ea4Y S\u01a0N \u00d4T\u00d4 2 B\u00d3NG"},"content":{"rendered":"<p class=\"qtranxs-available-languages-message qtranxs-available-languages-message-en\">Sorry, this entry is only available in <a href=\"https:\/\/datet.vn\/vi\/wp-json\/wp\/v2\/product\/17942\" class=\"qtranxs-available-language-link qtranxs-available-language-link-vi\" title=\"Ti\u1ebfng Vi\u1ec7t\">Vietnamese<\/a>.<\/p>","protected":false},"excerpt":{"rendered":"<p>Sorry, this entry is only available in Vietnamese.<\/p>\n","protected":false},"featured_media":17944,"comment_status":"open","ping_status":"closed","template":"","meta":[],"_links":{"self":[{"href":"https:\/\/datet.vn\/en\/wp-json\/wp\/v2\/product\/17942"}],"collection":[{"href":"https:\/\/datet.vn\/en\/wp-json\/wp\/v2\/product"}],"about":[{"href":"https:\/\/datet.vn\/en\/wp-json\/wp\/v2\/types\/product"}],"replies":[{"embeddable":true,"href":"https:\/\/datet.vn\/en\/wp-json\/wp\/v2\/comments?post=17942"}],"wp:featuredmedia":[{"embeddable":true,"href":"https:\/\/datet.vn\/en\/wp-json\/wp\/v2\/media\/17944"}],"wp:attachment":[{"href":"https:\/\/datet.vn\/en\/wp-json\/wp\/v2\/media?parent=17942"}],"curies":[{"name":"wp","href":"https:\/\/api.w.org\/{rel}","templated":true}]}}