{"id":17949,"date":"2017-08-19T15:06:16","date_gmt":"2017-08-19T08:06:16","guid":{"rendered":"http:\/\/datet.vn\/?post_type=product&#038;p=17949"},"modified":"2017-09-18T11:59:25","modified_gmt":"2017-09-18T04:59:25","slug":"may-han-rut-ton-fy-9000a","status":"publish","type":"product","link":"https:\/\/datet.vn\/en\/shop\/thiet-bi-sua-than-xe\/may-han-rut-ton-fy-9000a","title":{"rendered":"(Ti\u1ebfng Vi\u1ec7t) M\u00e1y h\u00e0n r\u00fat t\u00f4n FY-9000A"},"content":{"rendered":"<p class=\"qtranxs-available-languages-message qtranxs-available-languages-message-en\">Sorry, this entry is only available in <a href=\"https:\/\/datet.vn\/vi\/wp-json\/wp\/v2\/product\/17949\" class=\"qtranxs-available-language-link qtranxs-available-language-link-vi\" title=\"Ti\u1ebfng Vi\u1ec7t\">Vietnamese<\/a>.<\/p>","protected":false},"excerpt":{"rendered":"<p>Sorry, this entry is only available in Vietnamese.<\/p>\n","protected":false},"featured_media":17950,"comment_status":"open","ping_status":"closed","template":"","meta":[],"_links":{"self":[{"href":"https:\/\/datet.vn\/en\/wp-json\/wp\/v2\/product\/17949"}],"collection":[{"href":"https:\/\/datet.vn\/en\/wp-json\/wp\/v2\/product"}],"about":[{"href":"https:\/\/datet.vn\/en\/wp-json\/wp\/v2\/types\/product"}],"replies":[{"embeddable":true,"href":"https:\/\/datet.vn\/en\/wp-json\/wp\/v2\/comments?post=17949"}],"wp:featuredmedia":[{"embeddable":true,"href":"https:\/\/datet.vn\/en\/wp-json\/wp\/v2\/media\/17950"}],"wp:attachment":[{"href":"https:\/\/datet.vn\/en\/wp-json\/wp\/v2\/media?parent=17949"}],"curies":[{"name":"wp","href":"https:\/\/api.w.org\/{rel}","templated":true}]}}