{"id":18000,"date":"2021-06-10T14:50:20","date_gmt":"2021-06-10T07:50:20","guid":{"rendered":"https:\/\/datet.vn\/?post_type=product&#038;p=18000"},"modified":"2021-06-10T14:50:20","modified_gmt":"2021-06-10T07:50:20","slug":"may-nen-khi-chay-bang-dau-diesel-pegasus-tm-v-1-05-12-5-330l-d16","status":"publish","type":"product","link":"https:\/\/datet.vn\/en\/shop\/thiet-bi-khi-nen\/may-nen-khi-chay-bang-dau-diesel-pegasus-tm-v-1-05-12-5-330l-d16","title":{"rendered":"(Ti\u1ebfng Vi\u1ec7t) M\u00e1y n\u00e9n kh\u00ed ch\u1ea1y b\u1eb1ng d\u1ea7u Diesel Pegasus TM-V-1.05\/12.5-330L-D16"},"content":{"rendered":"<p class=\"qtranxs-available-languages-message qtranxs-available-languages-message-en\">Sorry, this entry is only available in <a href=\"https:\/\/datet.vn\/vi\/wp-json\/wp\/v2\/product\/18000\" class=\"qtranxs-available-language-link qtranxs-available-language-link-vi\" title=\"Ti\u1ebfng Vi\u1ec7t\">Vietnamese<\/a>.<\/p>","protected":false},"excerpt":{"rendered":"<p>Sorry, this entry is only available in Vietnamese.<\/p>\n","protected":false},"featured_media":18002,"comment_status":"open","ping_status":"closed","template":"","meta":[],"_links":{"self":[{"href":"https:\/\/datet.vn\/en\/wp-json\/wp\/v2\/product\/18000"}],"collection":[{"href":"https:\/\/datet.vn\/en\/wp-json\/wp\/v2\/product"}],"about":[{"href":"https:\/\/datet.vn\/en\/wp-json\/wp\/v2\/types\/product"}],"replies":[{"embeddable":true,"href":"https:\/\/datet.vn\/en\/wp-json\/wp\/v2\/comments?post=18000"}],"wp:featuredmedia":[{"embeddable":true,"href":"https:\/\/datet.vn\/en\/wp-json\/wp\/v2\/media\/18002"}],"wp:attachment":[{"href":"https:\/\/datet.vn\/en\/wp-json\/wp\/v2\/media?parent=18000"}],"curies":[{"name":"wp","href":"https:\/\/api.w.org\/{rel}","templated":true}]}}