{"id":18328,"date":"2021-06-18T10:54:52","date_gmt":"2021-06-18T03:54:52","guid":{"rendered":"https:\/\/datet.vn\/?post_type=product&#038;p=18328"},"modified":"2021-06-18T10:54:52","modified_gmt":"2021-06-18T03:54:52","slug":"may-nen-khi-day-dai-pegasus-tm-w-0-36-12-5-120l-220v","status":"publish","type":"product","link":"https:\/\/datet.vn\/en\/shop\/thiet-bi-khi-nen\/may-nen-khi-day-dai-pegasus-tm-w-0-36-12-5-120l-220v","title":{"rendered":"(Ti\u1ebfng Vi\u1ec7t) M\u00e1y n\u00e9n kh\u00ed d\u00e2y \u0111ai Pegasus TM-W-0.36\/12.5-120L (220V)"},"content":{"rendered":"<p class=\"qtranxs-available-languages-message qtranxs-available-languages-message-en\">Sorry, this entry is only available in <a href=\"https:\/\/datet.vn\/vi\/wp-json\/wp\/v2\/product\/18328\" class=\"qtranxs-available-language-link qtranxs-available-language-link-vi\" title=\"Ti\u1ebfng Vi\u1ec7t\">Vietnamese<\/a>.<\/p>","protected":false},"excerpt":{"rendered":"<p>Sorry, this entry is only available in Vietnamese.<\/p>\n","protected":false},"featured_media":18330,"comment_status":"open","ping_status":"closed","template":"","meta":[],"_links":{"self":[{"href":"https:\/\/datet.vn\/en\/wp-json\/wp\/v2\/product\/18328"}],"collection":[{"href":"https:\/\/datet.vn\/en\/wp-json\/wp\/v2\/product"}],"about":[{"href":"https:\/\/datet.vn\/en\/wp-json\/wp\/v2\/types\/product"}],"replies":[{"embeddable":true,"href":"https:\/\/datet.vn\/en\/wp-json\/wp\/v2\/comments?post=18328"}],"wp:featuredmedia":[{"embeddable":true,"href":"https:\/\/datet.vn\/en\/wp-json\/wp\/v2\/media\/18330"}],"wp:attachment":[{"href":"https:\/\/datet.vn\/en\/wp-json\/wp\/v2\/media?parent=18328"}],"curies":[{"name":"wp","href":"https:\/\/api.w.org\/{rel}","templated":true}]}}