{"id":18381,"date":"2021-06-19T08:51:32","date_gmt":"2021-06-19T01:51:32","guid":{"rendered":"https:\/\/datet.vn\/?post_type=product&#038;p=18381"},"modified":"2021-06-19T08:51:32","modified_gmt":"2021-06-19T01:51:32","slug":"may-nen-khi-day-dai-pegasus-tm-v-0-17-8-120l","status":"publish","type":"product","link":"https:\/\/datet.vn\/en\/shop\/thiet-bi-khi-nen\/may-nen-khi-day-dai-pegasus-tm-v-0-17-8-120l","title":{"rendered":"(Ti\u1ebfng Vi\u1ec7t) M\u00e1y n\u00e9n kh\u00ed d\u00e2y \u0111ai Pegasus TM-V-0.17\/8-120L"},"content":{"rendered":"<p class=\"qtranxs-available-languages-message qtranxs-available-languages-message-en\">Sorry, this entry is only available in <a href=\"https:\/\/datet.vn\/vi\/wp-json\/wp\/v2\/product\/18381\" class=\"qtranxs-available-language-link qtranxs-available-language-link-vi\" title=\"Ti\u1ebfng Vi\u1ec7t\">Vietnamese<\/a>.<\/p>","protected":false},"excerpt":{"rendered":"<p>Sorry, this entry is only available in Vietnamese.<\/p>\n","protected":false},"featured_media":18383,"comment_status":"open","ping_status":"closed","template":"","meta":[],"_links":{"self":[{"href":"https:\/\/datet.vn\/en\/wp-json\/wp\/v2\/product\/18381"}],"collection":[{"href":"https:\/\/datet.vn\/en\/wp-json\/wp\/v2\/product"}],"about":[{"href":"https:\/\/datet.vn\/en\/wp-json\/wp\/v2\/types\/product"}],"replies":[{"embeddable":true,"href":"https:\/\/datet.vn\/en\/wp-json\/wp\/v2\/comments?post=18381"}],"wp:featuredmedia":[{"embeddable":true,"href":"https:\/\/datet.vn\/en\/wp-json\/wp\/v2\/media\/18383"}],"wp:attachment":[{"href":"https:\/\/datet.vn\/en\/wp-json\/wp\/v2\/media?parent=18381"}],"curies":[{"name":"wp","href":"https:\/\/api.w.org\/{rel}","templated":true}]}}