{"id":18506,"date":"2021-06-21T15:06:13","date_gmt":"2021-06-21T08:06:13","guid":{"rendered":"https:\/\/datet.vn\/?post_type=product&#038;p=18506"},"modified":"2021-06-21T15:06:13","modified_gmt":"2021-06-21T08:06:13","slug":"bo-thanh-nay-thao-op-nhua-noi-that-o-to-11-mon-dn-f1011","status":"publish","type":"product","link":"https:\/\/datet.vn\/en\/shop\/dung-cu-dnt\/bo-thanh-nay-thao-op-nhua-noi-that-o-to-11-mon-dn-f1011","title":{"rendered":"(Ti\u1ebfng Vi\u1ec7t) B\u1ed9 thanh n\u1ea1y th\u00e1o \u1ed1p nh\u1ef1a n\u1ed9i th\u1ea5t \u00f4 t\u00f4 11 m\u00f3n DN-F1011"},"content":{"rendered":"<p class=\"qtranxs-available-languages-message qtranxs-available-languages-message-en\">Sorry, this entry is only available in <a href=\"https:\/\/datet.vn\/vi\/wp-json\/wp\/v2\/product\/18506\" class=\"qtranxs-available-language-link qtranxs-available-language-link-vi\" title=\"Ti\u1ebfng Vi\u1ec7t\">Vietnamese<\/a>.<\/p>","protected":false},"excerpt":{"rendered":"<p>Sorry, this entry is only available in Vietnamese.<\/p>\n","protected":false},"featured_media":18508,"comment_status":"open","ping_status":"closed","template":"","meta":[],"_links":{"self":[{"href":"https:\/\/datet.vn\/en\/wp-json\/wp\/v2\/product\/18506"}],"collection":[{"href":"https:\/\/datet.vn\/en\/wp-json\/wp\/v2\/product"}],"about":[{"href":"https:\/\/datet.vn\/en\/wp-json\/wp\/v2\/types\/product"}],"replies":[{"embeddable":true,"href":"https:\/\/datet.vn\/en\/wp-json\/wp\/v2\/comments?post=18506"}],"wp:featuredmedia":[{"embeddable":true,"href":"https:\/\/datet.vn\/en\/wp-json\/wp\/v2\/media\/18508"}],"wp:attachment":[{"href":"https:\/\/datet.vn\/en\/wp-json\/wp\/v2\/media?parent=18506"}],"curies":[{"name":"wp","href":"https:\/\/api.w.org\/{rel}","templated":true}]}}