{"id":18547,"date":"2021-06-22T09:03:03","date_gmt":"2021-06-22T02:03:03","guid":{"rendered":"https:\/\/datet.vn\/?post_type=product&#038;p=18547"},"modified":"2021-06-22T09:03:03","modified_gmt":"2021-06-22T02:03:03","slug":"cao-xupap-dong-co-o-to-xe-may-dn-a1002","status":"publish","type":"product","link":"https:\/\/datet.vn\/en\/shop\/dung-cu-dnt\/cao-xupap-dong-co-o-to-xe-may-dn-a1002","title":{"rendered":"(Ti\u1ebfng Vi\u1ec7t) C\u1ea2O XUPAP \u0110\u1ed8NG C\u01a0 \u00d4 T\u00d4, XE M\u00c1Y DN-A1002"},"content":{"rendered":"<p class=\"qtranxs-available-languages-message qtranxs-available-languages-message-en\">Sorry, this entry is only available in <a href=\"https:\/\/datet.vn\/vi\/wp-json\/wp\/v2\/product\/18547\" class=\"qtranxs-available-language-link qtranxs-available-language-link-vi\" title=\"Ti\u1ebfng Vi\u1ec7t\">Vietnamese<\/a>.<\/p>","protected":false},"excerpt":{"rendered":"<p>Sorry, this entry is only available in Vietnamese.<\/p>\n","protected":false},"featured_media":18550,"comment_status":"open","ping_status":"closed","template":"","meta":[],"_links":{"self":[{"href":"https:\/\/datet.vn\/en\/wp-json\/wp\/v2\/product\/18547"}],"collection":[{"href":"https:\/\/datet.vn\/en\/wp-json\/wp\/v2\/product"}],"about":[{"href":"https:\/\/datet.vn\/en\/wp-json\/wp\/v2\/types\/product"}],"replies":[{"embeddable":true,"href":"https:\/\/datet.vn\/en\/wp-json\/wp\/v2\/comments?post=18547"}],"wp:featuredmedia":[{"embeddable":true,"href":"https:\/\/datet.vn\/en\/wp-json\/wp\/v2\/media\/18550"}],"wp:attachment":[{"href":"https:\/\/datet.vn\/en\/wp-json\/wp\/v2\/media?parent=18547"}],"curies":[{"name":"wp","href":"https:\/\/api.w.org\/{rel}","templated":true}]}}