{"id":18717,"date":"2021-06-23T08:46:53","date_gmt":"2021-06-23T01:46:53","guid":{"rendered":"https:\/\/datet.vn\/?post_type=product&#038;p=18717"},"modified":"2021-06-23T08:46:55","modified_gmt":"2021-06-23T01:46:55","slug":"may-rua-xe-o-to-cao-ap-lutian-1750-psi","status":"publish","type":"product","link":"https:\/\/datet.vn\/en\/shop\/thiet-bi-ve-sinh\/may-rua-xe-o-to-cao-ap-lutian-1750-psi","title":{"rendered":"(Ti\u1ebfng Vi\u1ec7t) M\u00c1Y R\u1eecA XE \u00d4 T\u00d4 CAO \u00c1P LUTIAN 1750 PSI"},"content":{"rendered":"<p class=\"qtranxs-available-languages-message qtranxs-available-languages-message-en\">Sorry, this entry is only available in <a href=\"https:\/\/datet.vn\/vi\/wp-json\/wp\/v2\/product\/18717\" class=\"qtranxs-available-language-link qtranxs-available-language-link-vi\" title=\"Ti\u1ebfng Vi\u1ec7t\">Vietnamese<\/a>.<\/p>","protected":false},"excerpt":{"rendered":"<p>Sorry, this entry is only available in Vietnamese.<\/p>\n","protected":false},"featured_media":18720,"comment_status":"open","ping_status":"closed","template":"","meta":[],"_links":{"self":[{"href":"https:\/\/datet.vn\/en\/wp-json\/wp\/v2\/product\/18717"}],"collection":[{"href":"https:\/\/datet.vn\/en\/wp-json\/wp\/v2\/product"}],"about":[{"href":"https:\/\/datet.vn\/en\/wp-json\/wp\/v2\/types\/product"}],"replies":[{"embeddable":true,"href":"https:\/\/datet.vn\/en\/wp-json\/wp\/v2\/comments?post=18717"}],"wp:featuredmedia":[{"embeddable":true,"href":"https:\/\/datet.vn\/en\/wp-json\/wp\/v2\/media\/18720"}],"wp:attachment":[{"href":"https:\/\/datet.vn\/en\/wp-json\/wp\/v2\/media?parent=18717"}],"curies":[{"name":"wp","href":"https:\/\/api.w.org\/{rel}","templated":true}]}}