{"id":18813,"date":"2021-06-23T10:33:31","date_gmt":"2021-06-23T03:33:31","guid":{"rendered":"https:\/\/datet.vn\/?post_type=product&#038;p=18813"},"modified":"2021-06-24T09:02:27","modified_gmt":"2021-06-24T02:02:27","slug":"doi-hoi-3-bong-khong-can-2t-tra3813","status":"publish","type":"product","link":"https:\/\/datet.vn\/en\/shop\/thiet-bi-thuy-luc\/doi-hoi-3-bong-khong-can-2t-tra3813","title":{"rendered":"(Ti\u1ebfng Vi\u1ec7t) \u0110\u1ed8I H\u01a0I 3 B\u00d3NG KH\u00d4NG C\u00c1N 2T TRA3813"},"content":{"rendered":"<p class=\"qtranxs-available-languages-message qtranxs-available-languages-message-en\">Sorry, this entry is only available in <a href=\"https:\/\/datet.vn\/vi\/wp-json\/wp\/v2\/product\/18813\" class=\"qtranxs-available-language-link qtranxs-available-language-link-vi\" title=\"Ti\u1ebfng Vi\u1ec7t\">Vietnamese<\/a>.<\/p>","protected":false},"excerpt":{"rendered":"<p>Sorry, this entry is only available in Vietnamese.<\/p>\n","protected":false},"featured_media":18814,"comment_status":"open","ping_status":"closed","template":"","meta":[],"_links":{"self":[{"href":"https:\/\/datet.vn\/en\/wp-json\/wp\/v2\/product\/18813"}],"collection":[{"href":"https:\/\/datet.vn\/en\/wp-json\/wp\/v2\/product"}],"about":[{"href":"https:\/\/datet.vn\/en\/wp-json\/wp\/v2\/types\/product"}],"replies":[{"embeddable":true,"href":"https:\/\/datet.vn\/en\/wp-json\/wp\/v2\/comments?post=18813"}],"wp:featuredmedia":[{"embeddable":true,"href":"https:\/\/datet.vn\/en\/wp-json\/wp\/v2\/media\/18814"}],"wp:attachment":[{"href":"https:\/\/datet.vn\/en\/wp-json\/wp\/v2\/media?parent=18813"}],"curies":[{"name":"wp","href":"https:\/\/api.w.org\/{rel}","templated":true}]}}