{"id":18846,"date":"2021-06-24T10:54:58","date_gmt":"2021-06-24T03:54:58","guid":{"rendered":"https:\/\/datet.vn\/?post_type=product&#038;p=18846"},"modified":"2021-06-24T10:54:58","modified_gmt":"2021-06-24T03:54:58","slug":"con-lan-di-chuyen-banh-xe-o-to-12-tra9012l","status":"publish","type":"product","link":"https:\/\/datet.vn\/en\/shop\/thiet-bi-lop-banh-xe\/con-lan-di-chuyen-banh-xe-o-to-12-tra9012l","title":{"rendered":"(Ti\u1ebfng Vi\u1ec7t) CON L\u0102N DI CHUY\u1ec2N B\u00c1NH XE \u00d4 T\u00d4 12&#8242; TRA9012L"},"content":{"rendered":"<p class=\"qtranxs-available-languages-message qtranxs-available-languages-message-en\">Sorry, this entry is only available in <a href=\"https:\/\/datet.vn\/vi\/wp-json\/wp\/v2\/product\/18846\" class=\"qtranxs-available-language-link qtranxs-available-language-link-vi\" title=\"Ti\u1ebfng Vi\u1ec7t\">Vietnamese<\/a>.<\/p>","protected":false},"excerpt":{"rendered":"<p>Sorry, this entry is only available in Vietnamese.<\/p>\n","protected":false},"featured_media":18849,"comment_status":"open","ping_status":"closed","template":"","meta":[],"_links":{"self":[{"href":"https:\/\/datet.vn\/en\/wp-json\/wp\/v2\/product\/18846"}],"collection":[{"href":"https:\/\/datet.vn\/en\/wp-json\/wp\/v2\/product"}],"about":[{"href":"https:\/\/datet.vn\/en\/wp-json\/wp\/v2\/types\/product"}],"replies":[{"embeddable":true,"href":"https:\/\/datet.vn\/en\/wp-json\/wp\/v2\/comments?post=18846"}],"wp:featuredmedia":[{"embeddable":true,"href":"https:\/\/datet.vn\/en\/wp-json\/wp\/v2\/media\/18849"}],"wp:attachment":[{"href":"https:\/\/datet.vn\/en\/wp-json\/wp\/v2\/media?parent=18846"}],"curies":[{"name":"wp","href":"https:\/\/api.w.org\/{rel}","templated":true}]}}