{"id":18954,"date":"2021-06-25T09:22:15","date_gmt":"2021-06-25T02:22:15","guid":{"rendered":"https:\/\/datet.vn\/?post_type=product&#038;p=18954"},"modified":"2021-06-25T09:22:16","modified_gmt":"2021-06-25T02:22:16","slug":"sung-rua-xe-cao-ap-danh-cho-dong-may-rua-xe-cong-nghiep","status":"publish","type":"product","link":"https:\/\/datet.vn\/en\/shop\/thiet-bi-ve-sinh\/sung-rua-xe-cao-ap-danh-cho-dong-may-rua-xe-cong-nghiep","title":{"rendered":"(Ti\u1ebfng Vi\u1ec7t) S\u00daNG R\u1eecA XE CAO \u00c1P (D\u00e0nh cho d\u00f2ng m\u00e1y r\u1eeda xe c\u00f4ng nghi\u1ec7p)"},"content":{"rendered":"<p class=\"qtranxs-available-languages-message qtranxs-available-languages-message-en\">Sorry, this entry is only available in <a href=\"https:\/\/datet.vn\/vi\/wp-json\/wp\/v2\/product\/18954\" class=\"qtranxs-available-language-link qtranxs-available-language-link-vi\" title=\"Ti\u1ebfng Vi\u1ec7t\">Vietnamese<\/a>.<\/p>","protected":false},"excerpt":{"rendered":"<p>Sorry, this entry is only available in Vietnamese.<\/p>\n","protected":false},"featured_media":18956,"comment_status":"open","ping_status":"closed","template":"","meta":[],"_links":{"self":[{"href":"https:\/\/datet.vn\/en\/wp-json\/wp\/v2\/product\/18954"}],"collection":[{"href":"https:\/\/datet.vn\/en\/wp-json\/wp\/v2\/product"}],"about":[{"href":"https:\/\/datet.vn\/en\/wp-json\/wp\/v2\/types\/product"}],"replies":[{"embeddable":true,"href":"https:\/\/datet.vn\/en\/wp-json\/wp\/v2\/comments?post=18954"}],"wp:featuredmedia":[{"embeddable":true,"href":"https:\/\/datet.vn\/en\/wp-json\/wp\/v2\/media\/18956"}],"wp:attachment":[{"href":"https:\/\/datet.vn\/en\/wp-json\/wp\/v2\/media?parent=18954"}],"curies":[{"name":"wp","href":"https:\/\/api.w.org\/{rel}","templated":true}]}}