{"id":18964,"date":"2021-06-25T09:26:21","date_gmt":"2021-06-25T02:26:21","guid":{"rendered":"https:\/\/datet.vn\/?post_type=product&#038;p=18964"},"modified":"2021-06-25T09:26:21","modified_gmt":"2021-06-25T02:26:21","slug":"khop-noi-nhanh-rua-xe-38-giua-may-va-day-rua-xe-cao-ap","status":"publish","type":"product","link":"https:\/\/datet.vn\/en\/shop\/thiet-bi-ve-sinh\/khop-noi-nhanh-rua-xe-38-giua-may-va-day-rua-xe-cao-ap","title":{"rendered":"(Ti\u1ebfng Vi\u1ec7t) KH\u1edaP N\u1ed0I NHANH R\u1eecA XE 38 (Gi\u1eefa m\u00e1y v\u00e0 d\u00e2y r\u1eeda xe cao \u00e1p)"},"content":{"rendered":"<p class=\"qtranxs-available-languages-message qtranxs-available-languages-message-en\">Sorry, this entry is only available in <a href=\"https:\/\/datet.vn\/vi\/wp-json\/wp\/v2\/product\/18964\" class=\"qtranxs-available-language-link qtranxs-available-language-link-vi\" title=\"Ti\u1ebfng Vi\u1ec7t\">Vietnamese<\/a>.<\/p>","protected":false},"excerpt":{"rendered":"<p>Sorry, this entry is only available in Vietnamese.<\/p>\n","protected":false},"featured_media":18966,"comment_status":"open","ping_status":"closed","template":"","meta":[],"_links":{"self":[{"href":"https:\/\/datet.vn\/en\/wp-json\/wp\/v2\/product\/18964"}],"collection":[{"href":"https:\/\/datet.vn\/en\/wp-json\/wp\/v2\/product"}],"about":[{"href":"https:\/\/datet.vn\/en\/wp-json\/wp\/v2\/types\/product"}],"replies":[{"embeddable":true,"href":"https:\/\/datet.vn\/en\/wp-json\/wp\/v2\/comments?post=18964"}],"wp:featuredmedia":[{"embeddable":true,"href":"https:\/\/datet.vn\/en\/wp-json\/wp\/v2\/media\/18966"}],"wp:attachment":[{"href":"https:\/\/datet.vn\/en\/wp-json\/wp\/v2\/media?parent=18964"}],"curies":[{"name":"wp","href":"https:\/\/api.w.org\/{rel}","templated":true}]}}