{"id":19062,"date":"2021-06-25T11:25:53","date_gmt":"2021-06-25T04:25:53","guid":{"rendered":"https:\/\/datet.vn\/?post_type=product&#038;p=19062"},"modified":"2021-06-25T11:25:54","modified_gmt":"2021-06-25T04:25:54","slug":"cao-puli-may-phat-dien-dn-a1128","status":"publish","type":"product","link":"https:\/\/datet.vn\/en\/shop\/dung-cu-dnt\/cao-puli-may-phat-dien-dn-a1128","title":{"rendered":"(Ti\u1ebfng Vi\u1ec7t) C\u1ea2O PULI M\u00c1Y PH\u00c1T \u0110I\u1ec6N DN-A1128"},"content":{"rendered":"<p class=\"qtranxs-available-languages-message qtranxs-available-languages-message-en\">Sorry, this entry is only available in <a href=\"https:\/\/datet.vn\/vi\/wp-json\/wp\/v2\/product\/19062\" class=\"qtranxs-available-language-link qtranxs-available-language-link-vi\" title=\"Ti\u1ebfng Vi\u1ec7t\">Vietnamese<\/a>.<\/p>","protected":false},"excerpt":{"rendered":"<p>Sorry, this entry is only available in Vietnamese.<\/p>\n","protected":false},"featured_media":19063,"comment_status":"open","ping_status":"closed","template":"","meta":[],"_links":{"self":[{"href":"https:\/\/datet.vn\/en\/wp-json\/wp\/v2\/product\/19062"}],"collection":[{"href":"https:\/\/datet.vn\/en\/wp-json\/wp\/v2\/product"}],"about":[{"href":"https:\/\/datet.vn\/en\/wp-json\/wp\/v2\/types\/product"}],"replies":[{"embeddable":true,"href":"https:\/\/datet.vn\/en\/wp-json\/wp\/v2\/comments?post=19062"}],"wp:featuredmedia":[{"embeddable":true,"href":"https:\/\/datet.vn\/en\/wp-json\/wp\/v2\/media\/19063"}],"wp:attachment":[{"href":"https:\/\/datet.vn\/en\/wp-json\/wp\/v2\/media?parent=19062"}],"curies":[{"name":"wp","href":"https:\/\/api.w.org\/{rel}","templated":true}]}}