{"id":19185,"date":"2021-08-10T16:08:55","date_gmt":"2021-08-10T09:08:55","guid":{"rendered":"https:\/\/datet.vn\/?post_type=product&#038;p=19185"},"modified":"2021-08-10T16:08:55","modified_gmt":"2021-08-10T09:08:55","slug":"ban-nang-xe-may-co","status":"publish","type":"product","link":"https:\/\/datet.vn\/en\/shop\/thiet-bi-nang-ha\/ban-nang-xe-may-co","title":{"rendered":"(Ti\u1ebfng Vi\u1ec7t) B\u00e0n n\u00e2ng xe m\u00e1y c\u01a1"},"content":{"rendered":"<p class=\"qtranxs-available-languages-message qtranxs-available-languages-message-en\">Sorry, this entry is only available in <a href=\"https:\/\/datet.vn\/vi\/wp-json\/wp\/v2\/product\/19185\" class=\"qtranxs-available-language-link qtranxs-available-language-link-vi\" title=\"Ti\u1ebfng Vi\u1ec7t\">Vietnamese<\/a>.<\/p>","protected":false},"excerpt":{"rendered":"<p>Sorry, this entry is only available in Vietnamese.<\/p>\n","protected":false},"featured_media":19186,"comment_status":"open","ping_status":"closed","template":"","meta":[],"_links":{"self":[{"href":"https:\/\/datet.vn\/en\/wp-json\/wp\/v2\/product\/19185"}],"collection":[{"href":"https:\/\/datet.vn\/en\/wp-json\/wp\/v2\/product"}],"about":[{"href":"https:\/\/datet.vn\/en\/wp-json\/wp\/v2\/types\/product"}],"replies":[{"embeddable":true,"href":"https:\/\/datet.vn\/en\/wp-json\/wp\/v2\/comments?post=19185"}],"wp:featuredmedia":[{"embeddable":true,"href":"https:\/\/datet.vn\/en\/wp-json\/wp\/v2\/media\/19186"}],"wp:attachment":[{"href":"https:\/\/datet.vn\/en\/wp-json\/wp\/v2\/media?parent=19185"}],"curies":[{"name":"wp","href":"https:\/\/api.w.org\/{rel}","templated":true}]}}