{"id":19352,"date":"2021-12-28T14:08:37","date_gmt":"2021-12-28T07:08:37","guid":{"rendered":"https:\/\/datet.vn\/?post_type=product&#038;p=19352"},"modified":"2021-12-28T14:08:38","modified_gmt":"2021-12-28T07:08:38","slug":"english-wax-duong-bong-son-xe-pallas-700ml","status":"publish","type":"product","link":"https:\/\/datet.vn\/en\/shop\/pallas\/english-wax-duong-bong-son-xe-pallas-700ml","title":{"rendered":"WAX D\u01af\u1ee0NG B\u00d3NG S\u01a0N XE PALLAS &#8211; 700ML"},"content":{"rendered":"<p>WAX D\u01af\u1ee0NG B\u00d3NG S\u01a0N XE PALLAS &#8211; 700ML<br \/>\nModel: <img class=\"aligncenter size-full wp-image-19353\" src=\"https:\/\/datet.vn\/wp-content\/uploads\/2021\/12\/WAX-DUONG-BONG-SON-XE-PALLAS-120ML-3.png\" alt=\"\" width=\"1080\" height=\"1080\" srcset=\"https:\/\/datet.vn\/wp-content\/uploads\/2021\/12\/WAX-DUONG-BONG-SON-XE-PALLAS-120ML-3.png 1080w, https:\/\/datet.vn\/wp-content\/uploads\/2021\/12\/WAX-DUONG-BONG-SON-XE-PALLAS-120ML-3-250x250.png 250w, https:\/\/datet.vn\/wp-content\/uploads\/2021\/12\/WAX-DUONG-BONG-SON-XE-PALLAS-120ML-3-600x600.png 600w\" sizes=\"(max-width: 1080px) 100vw, 1080px\" \/> <img class=\"aligncenter size-medium wp-image-19354\" src=\"https:\/\/datet.vn\/wp-content\/uploads\/2021\/12\/WAX-DUONG-BONG-SON-XE-PALLAS-700ML-1.png\" alt=\"\" width=\"300\" height=\"300\" srcset=\"https:\/\/datet.vn\/wp-content\/uploads\/2021\/12\/WAX-DUONG-BONG-SON-XE-PALLAS-700ML-1.png 1080w, https:\/\/datet.vn\/wp-content\/uploads\/2021\/12\/WAX-DUONG-BONG-SON-XE-PALLAS-700ML-1-250x250.png 250w, https:\/\/datet.vn\/wp-content\/uploads\/2021\/12\/WAX-DUONG-BONG-SON-XE-PALLAS-700ML-1-600x600.png 600w\" sizes=\"(max-width: 300px) 100vw, 300px\" \/> <img class=\"aligncenter size-medium wp-image-19355\" src=\"https:\/\/datet.vn\/wp-content\/uploads\/2021\/12\/WAX-DUONG-BONG-SON-XE-PALLAS-700ML.png\" alt=\"\" width=\"300\" height=\"300\" srcset=\"https:\/\/datet.vn\/wp-content\/uploads\/2021\/12\/WAX-DUONG-BONG-SON-XE-PALLAS-700ML.png 1080w, https:\/\/datet.vn\/wp-content\/uploads\/2021\/12\/WAX-DUONG-BONG-SON-XE-PALLAS-700ML-250x250.png 250w, https:\/\/datet.vn\/wp-content\/uploads\/2021\/12\/WAX-DUONG-BONG-SON-XE-PALLAS-700ML-600x600.png 600w\" sizes=\"(max-width: 300px) 100vw, 300px\" \/><br \/>\nTh\u01b0\u01a1ng hi\u1ec7u\/Xu\u1ea5t x\u1ee9: PALLAS<br \/>\nNK&amp;PP: CTY TNHH TB CN \u0110\u1eaeC T\u00cdN<br \/>\nWebsite: www.thietbiotodactin.com<br \/>\nHotline: 0943200044 &#8211; 0984.536.625<br \/>\n-Dung t\u00edch: 700ml\/Chai<br \/>\n-S\u1ed1 l\u01b0\u1ee3ng: 24 Chai\/th\u00f9ng<br \/>\n-Wax d\u01b0\u1ee1ng b\u00f3ng s\u01a1n xe pallas &#8211; 700ml v\u1edbi thi\u1ebft k\u1ebf d\u1ea1ng x\u1ecbt n\u00ean v\u00f4 c\u00f9ng ti\u1ec7n d\u1ee5ng, nh\u1ecf g\u1ecdn, \u0111\u1eb9p m\u1eaft, th\u00edch h\u1ee3p d\u00f9ng cho xe g\u1eafn m\u00e1y, mang m\u00f9i h\u01b0\u01a1ng nh\u1eb9, kh\u00f4ng n\u1ed3ng, kh\u00f4ng g\u00e2y \u0111\u1ed9c h\u1ea1i, kh\u00f4ng \u00f4 nhi\u1ec3m m\u00f4i tr\u01b0\u1eddng v\u00e0 r\u1ea5t \u0111\u1eb7c bi\u1ec7t an to\u00e0n khi ti\u1ebfp x\u00fac v\u1edbi da tay.<\/p>\n<p>&nbsp;<\/p>","protected":false},"excerpt":{"rendered":"<p>WAX D\u01af\u1ee0NG B\u00d3NG S\u01a0N XE PALLAS &#8211; 700ML<br \/>\nModel: DT-WDB700mL<br \/>\nTh\u01b0\u01a1ng hi\u1ec7u\/Xu\u1ea5t x\u1ee9: PALLAS<br \/>\nNK&amp;PP: CTY TNHH TB CN \u0110\u1eaeC T\u00cdN<br \/>\nWebsite: www.thietbiotodactin.com<br \/>\nHotline: 0943200044 &#8211; 0984.536.625<\/p>\n","protected":false},"featured_media":19354,"comment_status":"open","ping_status":"closed","template":"","meta":[],"_links":{"self":[{"href":"https:\/\/datet.vn\/en\/wp-json\/wp\/v2\/product\/19352"}],"collection":[{"href":"https:\/\/datet.vn\/en\/wp-json\/wp\/v2\/product"}],"about":[{"href":"https:\/\/datet.vn\/en\/wp-json\/wp\/v2\/types\/product"}],"replies":[{"embeddable":true,"href":"https:\/\/datet.vn\/en\/wp-json\/wp\/v2\/comments?post=19352"}],"wp:featuredmedia":[{"embeddable":true,"href":"https:\/\/datet.vn\/en\/wp-json\/wp\/v2\/media\/19354"}],"wp:attachment":[{"href":"https:\/\/datet.vn\/en\/wp-json\/wp\/v2\/media?parent=19352"}],"curies":[{"name":"wp","href":"https:\/\/api.w.org\/{rel}","templated":true}]}}