{"id":19930,"date":"2022-06-01T08:56:02","date_gmt":"2022-06-01T01:56:02","guid":{"rendered":"https:\/\/datet.vn\/?post_type=product&#038;p=19930"},"modified":"2022-06-01T08:56:03","modified_gmt":"2022-06-01T01:56:03","slug":"den-say-son-hong-ngoai-3-bong-da-nang-fy-3al","status":"publish","type":"product","link":"https:\/\/datet.vn\/en\/shop\/thiet-bi-dong-son\/den-say-son-hong-ngoai-3-bong-da-nang-fy-3al","title":{"rendered":"(Ti\u1ebfng Vi\u1ec7t) \u0110\u00e8n s\u1ea5y s\u01a1n h\u1ed3ng ngo\u1ea1i 3 b\u00f3ng \u0111a n\u0103ng FY-3AL"},"content":{"rendered":"<p class=\"qtranxs-available-languages-message qtranxs-available-languages-message-en\">Sorry, this entry is only available in <a href=\"https:\/\/datet.vn\/vi\/wp-json\/wp\/v2\/product\/19930\" class=\"qtranxs-available-language-link qtranxs-available-language-link-vi\" title=\"Ti\u1ebfng Vi\u1ec7t\">Vietnamese<\/a>.<\/p>","protected":false},"excerpt":{"rendered":"<p class=\"qtranxs-available-languages-message qtranxs-available-languages-message-en\">Sorry, this entry is only available in <a href=\"https:\/\/datet.vn\/vi\/wp-json\/wp\/v2\/product\/19930\" class=\"qtranxs-available-language-link qtranxs-available-language-link-vi\" title=\"Ti\u1ebfng Vi\u1ec7t\">Vietnamese<\/a>.<\/p>\n","protected":false},"featured_media":19933,"comment_status":"open","ping_status":"closed","template":"","meta":[],"_links":{"self":[{"href":"https:\/\/datet.vn\/en\/wp-json\/wp\/v2\/product\/19930"}],"collection":[{"href":"https:\/\/datet.vn\/en\/wp-json\/wp\/v2\/product"}],"about":[{"href":"https:\/\/datet.vn\/en\/wp-json\/wp\/v2\/types\/product"}],"replies":[{"embeddable":true,"href":"https:\/\/datet.vn\/en\/wp-json\/wp\/v2\/comments?post=19930"}],"wp:featuredmedia":[{"embeddable":true,"href":"https:\/\/datet.vn\/en\/wp-json\/wp\/v2\/media\/19933"}],"wp:attachment":[{"href":"https:\/\/datet.vn\/en\/wp-json\/wp\/v2\/media?parent=19930"}],"curies":[{"name":"wp","href":"https:\/\/api.w.org\/{rel}","templated":true}]}}