{"id":19954,"date":"2022-06-01T11:18:39","date_gmt":"2022-06-01T04:18:39","guid":{"rendered":"https:\/\/datet.vn\/?post_type=product&#038;p=19954"},"modified":"2022-12-24T09:39:44","modified_gmt":"2022-12-24T02:39:44","slug":"cau-nang-4-tru-ho-tro-canh-chinh-goc-dat-banh-xe-o-to-dt-fs40","status":"publish","type":"product","link":"https:\/\/datet.vn\/en\/shop\/thiet-bi-nang-ha\/cau-nang-4-tru-ho-tro-canh-chinh-goc-dat-banh-xe-o-to-dt-fs40","title":{"rendered":"(Ti\u1ebfng Vi\u1ec7t) C\u1ea7u n\u00e2ng 4 tr\u1ee5 h\u1ed5 tr\u1ee3 canh ch\u1ec9nh g\u00f3c \u0111\u1eb7t b\u00e1nh xe \u00d4 t\u00f4 DT-FS40"},"content":{"rendered":"<p class=\"qtranxs-available-languages-message qtranxs-available-languages-message-en\">Sorry, this entry is only available in <a href=\"https:\/\/datet.vn\/vi\/wp-json\/wp\/v2\/product\/19954\" class=\"qtranxs-available-language-link qtranxs-available-language-link-vi\" title=\"Ti\u1ebfng Vi\u1ec7t\">Vietnamese<\/a>.<\/p>","protected":false},"excerpt":{"rendered":"<p class=\"qtranxs-available-languages-message qtranxs-available-languages-message-en\">Sorry, this entry is only available in <a href=\"https:\/\/datet.vn\/vi\/wp-json\/wp\/v2\/product\/19954\" class=\"qtranxs-available-language-link qtranxs-available-language-link-vi\" title=\"Ti\u1ebfng Vi\u1ec7t\">Vietnamese<\/a>.<\/p>\n","protected":false},"featured_media":19958,"comment_status":"open","ping_status":"closed","template":"","meta":[],"_links":{"self":[{"href":"https:\/\/datet.vn\/en\/wp-json\/wp\/v2\/product\/19954"}],"collection":[{"href":"https:\/\/datet.vn\/en\/wp-json\/wp\/v2\/product"}],"about":[{"href":"https:\/\/datet.vn\/en\/wp-json\/wp\/v2\/types\/product"}],"replies":[{"embeddable":true,"href":"https:\/\/datet.vn\/en\/wp-json\/wp\/v2\/comments?post=19954"}],"wp:featuredmedia":[{"embeddable":true,"href":"https:\/\/datet.vn\/en\/wp-json\/wp\/v2\/media\/19958"}],"wp:attachment":[{"href":"https:\/\/datet.vn\/en\/wp-json\/wp\/v2\/media?parent=19954"}],"curies":[{"name":"wp","href":"https:\/\/api.w.org\/{rel}","templated":true}]}}