{"id":19969,"date":"2022-06-01T11:28:15","date_gmt":"2022-06-01T04:28:15","guid":{"rendered":"https:\/\/datet.vn\/?post_type=product&#038;p=19969"},"modified":"2022-08-16T15:03:29","modified_gmt":"2022-08-16T08:03:29","slug":"may-ra-vao-lop-xe-o-to-xe-may-xe-tai-nhe-da-nang-24-inch-dt-1211-cam-ket-chinh-hang-bao-hanh-12-thang","status":"publish","type":"product","link":"https:\/\/datet.vn\/en\/shop\/thiet-bi-lop-banh-xe\/may-ra-vao-lop-xe-o-to-xe-may-xe-tai-nhe-da-nang-24-inch-dt-1211-cam-ket-chinh-hang-bao-hanh-12-thang","title":{"rendered":"(Ti\u1ebfng Vi\u1ec7t) M\u00e1y ra v\u00e0o l\u1ed1p xe \u00d4 t\u00f4, xe m\u00e1y, xe t\u1ea3i nh\u1eb9 \u0111a n\u0103ng 24 inch DT-1211 (Cam k\u1ebft ch\u00ednh h\u00e3ng, b\u1ea3o h\u00e0nh 12 th\u00e1ng)"},"content":{"rendered":"<p class=\"qtranxs-available-languages-message qtranxs-available-languages-message-en\">Sorry, this entry is only available in <a href=\"https:\/\/datet.vn\/vi\/wp-json\/wp\/v2\/product\/19969\" class=\"qtranxs-available-language-link qtranxs-available-language-link-vi\" title=\"Ti\u1ebfng Vi\u1ec7t\">Vietnamese<\/a>.<\/p>","protected":false},"excerpt":{"rendered":"<p class=\"qtranxs-available-languages-message qtranxs-available-languages-message-en\">Sorry, this entry is only available in <a href=\"https:\/\/datet.vn\/vi\/wp-json\/wp\/v2\/product\/19969\" class=\"qtranxs-available-language-link qtranxs-available-language-link-vi\" title=\"Ti\u1ebfng Vi\u1ec7t\">Vietnamese<\/a>.<\/p>\n","protected":false},"featured_media":20001,"comment_status":"open","ping_status":"closed","template":"","meta":[],"_links":{"self":[{"href":"https:\/\/datet.vn\/en\/wp-json\/wp\/v2\/product\/19969"}],"collection":[{"href":"https:\/\/datet.vn\/en\/wp-json\/wp\/v2\/product"}],"about":[{"href":"https:\/\/datet.vn\/en\/wp-json\/wp\/v2\/types\/product"}],"replies":[{"embeddable":true,"href":"https:\/\/datet.vn\/en\/wp-json\/wp\/v2\/comments?post=19969"}],"wp:featuredmedia":[{"embeddable":true,"href":"https:\/\/datet.vn\/en\/wp-json\/wp\/v2\/media\/20001"}],"wp:attachment":[{"href":"https:\/\/datet.vn\/en\/wp-json\/wp\/v2\/media?parent=19969"}],"curies":[{"name":"wp","href":"https:\/\/api.w.org\/{rel}","templated":true}]}}