{"id":20036,"date":"2022-10-03T14:36:42","date_gmt":"2022-10-03T07:36:42","guid":{"rendered":"https:\/\/datet.vn\/?post_type=product&#038;p=20036"},"modified":"2022-11-29T09:53:29","modified_gmt":"2022-11-29T02:53:29","slug":"bo-tua-vit-bake-trhn1105","status":"publish","type":"product","link":"https:\/\/datet.vn\/en\/shop\/dung-cu-torin\/bo-tua-vit-bake-trhn1105","title":{"rendered":"(Ti\u1ebfng Vi\u1ec7t) B\u1ed9 tua v\u00edt bake, t\u00f4 v\u00edt 4 c\u1ea1nh TRHN1105 (7 \u0111\u1ea7u k\u00edch th\u01b0\u1edbc kh\u00e1c nhau)"},"content":{"rendered":"<p class=\"qtranxs-available-languages-message qtranxs-available-languages-message-en\">Sorry, this entry is only available in <a href=\"https:\/\/datet.vn\/vi\/wp-json\/wp\/v2\/product\/20036\" class=\"qtranxs-available-language-link qtranxs-available-language-link-vi\" title=\"Ti\u1ebfng Vi\u1ec7t\">Vietnamese<\/a>.<\/p>","protected":false},"excerpt":{"rendered":"<p class=\"qtranxs-available-languages-message qtranxs-available-languages-message-en\">Sorry, this entry is only available in <a href=\"https:\/\/datet.vn\/vi\/wp-json\/wp\/v2\/product\/20036\" class=\"qtranxs-available-language-link qtranxs-available-language-link-vi\" title=\"Ti\u1ebfng Vi\u1ec7t\">Vietnamese<\/a>.<\/p>\n","protected":false},"featured_media":20289,"comment_status":"open","ping_status":"closed","template":"","meta":[],"_links":{"self":[{"href":"https:\/\/datet.vn\/en\/wp-json\/wp\/v2\/product\/20036"}],"collection":[{"href":"https:\/\/datet.vn\/en\/wp-json\/wp\/v2\/product"}],"about":[{"href":"https:\/\/datet.vn\/en\/wp-json\/wp\/v2\/types\/product"}],"replies":[{"embeddable":true,"href":"https:\/\/datet.vn\/en\/wp-json\/wp\/v2\/comments?post=20036"}],"wp:featuredmedia":[{"embeddable":true,"href":"https:\/\/datet.vn\/en\/wp-json\/wp\/v2\/media\/20289"}],"wp:attachment":[{"href":"https:\/\/datet.vn\/en\/wp-json\/wp\/v2\/media?parent=20036"}],"curies":[{"name":"wp","href":"https:\/\/api.w.org\/{rel}","templated":true}]}}