{"id":20044,"date":"2022-10-03T15:06:09","date_gmt":"2022-10-03T08:06:09","guid":{"rendered":"https:\/\/datet.vn\/?post_type=product&#038;p=20044"},"modified":"2022-10-03T15:06:10","modified_gmt":"2022-10-03T08:06:10","slug":"bua-lam-dong-chuyen-dung-trhn1114-can-cam-cao-su-chac-chan","status":"publish","type":"product","link":"https:\/\/datet.vn\/en\/shop\/dung-cu-torin\/bua-lam-dong-chuyen-dung-trhn1114-can-cam-cao-su-chac-chan","title":{"rendered":"(Ti\u1ebfng Vi\u1ec7t) B\u00faa l\u00e0m \u0111\u1ed3ng chuy\u00ean d\u1ee5ng TRHN1114 (C\u00e1n c\u1ea7m cao su ch\u1eafc ch\u1eafn)"},"content":{"rendered":"<p class=\"qtranxs-available-languages-message qtranxs-available-languages-message-en\">Sorry, this entry is only available in <a href=\"https:\/\/datet.vn\/vi\/wp-json\/wp\/v2\/product\/20044\" class=\"qtranxs-available-language-link qtranxs-available-language-link-vi\" title=\"Ti\u1ebfng Vi\u1ec7t\">Vietnamese<\/a>.<\/p>","protected":false},"excerpt":{"rendered":"<p class=\"qtranxs-available-languages-message qtranxs-available-languages-message-en\">Sorry, this entry is only available in <a href=\"https:\/\/datet.vn\/vi\/wp-json\/wp\/v2\/product\/20044\" class=\"qtranxs-available-language-link qtranxs-available-language-link-vi\" title=\"Ti\u1ebfng Vi\u1ec7t\">Vietnamese<\/a>.<\/p>\n","protected":false},"featured_media":20045,"comment_status":"open","ping_status":"closed","template":"","meta":[],"_links":{"self":[{"href":"https:\/\/datet.vn\/en\/wp-json\/wp\/v2\/product\/20044"}],"collection":[{"href":"https:\/\/datet.vn\/en\/wp-json\/wp\/v2\/product"}],"about":[{"href":"https:\/\/datet.vn\/en\/wp-json\/wp\/v2\/types\/product"}],"replies":[{"embeddable":true,"href":"https:\/\/datet.vn\/en\/wp-json\/wp\/v2\/comments?post=20044"}],"wp:featuredmedia":[{"embeddable":true,"href":"https:\/\/datet.vn\/en\/wp-json\/wp\/v2\/media\/20045"}],"wp:attachment":[{"href":"https:\/\/datet.vn\/en\/wp-json\/wp\/v2\/media?parent=20044"}],"curies":[{"name":"wp","href":"https:\/\/api.w.org\/{rel}","templated":true}]}}