{"id":20191,"date":"2022-11-05T09:48:53","date_gmt":"2022-11-05T02:48:53","guid":{"rendered":"https:\/\/datet.vn\/?post_type=product&#038;p=20191"},"modified":"2022-11-07T14:52:00","modified_gmt":"2022-11-07T07:52:00","slug":"gia-treo-dong-co-o-to-gia-quay-thao-lap-850kg-t26802","status":"publish","type":"product","link":"https:\/\/datet.vn\/en\/shop\/uncategorized\/gia-treo-dong-co-o-to-gia-quay-thao-lap-850kg-t26802","title":{"rendered":"(Ti\u1ebfng Vi\u1ec7t) Gi\u00e1 treo \u0111\u1ed9ng c\u01a1 \u00f4 t\u00f4, gi\u00e1 quay th\u00e1o l\u1eafp 850kg T26802"},"content":{"rendered":"<p class=\"qtranxs-available-languages-message qtranxs-available-languages-message-en\">Sorry, this entry is only available in <a href=\"https:\/\/datet.vn\/vi\/wp-json\/wp\/v2\/product\/20191\" class=\"qtranxs-available-language-link qtranxs-available-language-link-vi\" title=\"Ti\u1ebfng Vi\u1ec7t\">Vietnamese<\/a>.<\/p>","protected":false},"excerpt":{"rendered":"<p class=\"qtranxs-available-languages-message qtranxs-available-languages-message-en\">Sorry, this entry is only available in <a href=\"https:\/\/datet.vn\/vi\/wp-json\/wp\/v2\/product\/20191\" class=\"qtranxs-available-language-link qtranxs-available-language-link-vi\" title=\"Ti\u1ebfng Vi\u1ec7t\">Vietnamese<\/a>.<\/p>\n","protected":false},"featured_media":20197,"comment_status":"open","ping_status":"closed","template":"","meta":[],"_links":{"self":[{"href":"https:\/\/datet.vn\/en\/wp-json\/wp\/v2\/product\/20191"}],"collection":[{"href":"https:\/\/datet.vn\/en\/wp-json\/wp\/v2\/product"}],"about":[{"href":"https:\/\/datet.vn\/en\/wp-json\/wp\/v2\/types\/product"}],"replies":[{"embeddable":true,"href":"https:\/\/datet.vn\/en\/wp-json\/wp\/v2\/comments?post=20191"}],"wp:featuredmedia":[{"embeddable":true,"href":"https:\/\/datet.vn\/en\/wp-json\/wp\/v2\/media\/20197"}],"wp:attachment":[{"href":"https:\/\/datet.vn\/en\/wp-json\/wp\/v2\/media?parent=20191"}],"curies":[{"name":"wp","href":"https:\/\/api.w.org\/{rel}","templated":true}]}}