{"id":20211,"date":"2022-11-07T14:47:49","date_gmt":"2022-11-07T07:47:49","guid":{"rendered":"https:\/\/datet.vn\/?post_type=product&#038;p=20211"},"modified":"2022-11-07T14:47:49","modified_gmt":"2022-11-07T07:47:49","slug":"may-va-lop-xe-tai-may-va-ep-chin-chuyen-dung-cho-cac-dong-lop-tu-nho-toi-lon-trad0010","status":"publish","type":"product","link":"https:\/\/datet.vn\/en\/shop\/thiet-bi-lop-banh-xe\/may-va-lop-xe-tai-may-va-ep-chin-chuyen-dung-cho-cac-dong-lop-tu-nho-toi-lon-trad0010","title":{"rendered":"(Ti\u1ebfng Vi\u1ec7t) M\u00e1y v\u00e1 l\u1ed1p xe t\u1ea3i, m\u00e1y v\u00e1 \u00e9p ch\u00edn chuy\u00ean d\u1ee5ng cho c\u00e1c d\u00f2ng l\u1ed1p t\u1eeb nh\u1ecf t\u1edbi l\u1edbn TRAD0010"},"content":{"rendered":"<p class=\"qtranxs-available-languages-message qtranxs-available-languages-message-en\">Sorry, this entry is only available in <a href=\"https:\/\/datet.vn\/vi\/wp-json\/wp\/v2\/product\/20211\" class=\"qtranxs-available-language-link qtranxs-available-language-link-vi\" title=\"Ti\u1ebfng Vi\u1ec7t\">Vietnamese<\/a>.<\/p>","protected":false},"excerpt":{"rendered":"<p class=\"qtranxs-available-languages-message qtranxs-available-languages-message-en\">Sorry, this entry is only available in <a href=\"https:\/\/datet.vn\/vi\/wp-json\/wp\/v2\/product\/20211\" class=\"qtranxs-available-language-link qtranxs-available-language-link-vi\" title=\"Ti\u1ebfng Vi\u1ec7t\">Vietnamese<\/a>.<\/p>\n","protected":false},"featured_media":20206,"comment_status":"open","ping_status":"closed","template":"","meta":[],"_links":{"self":[{"href":"https:\/\/datet.vn\/en\/wp-json\/wp\/v2\/product\/20211"}],"collection":[{"href":"https:\/\/datet.vn\/en\/wp-json\/wp\/v2\/product"}],"about":[{"href":"https:\/\/datet.vn\/en\/wp-json\/wp\/v2\/types\/product"}],"replies":[{"embeddable":true,"href":"https:\/\/datet.vn\/en\/wp-json\/wp\/v2\/comments?post=20211"}],"wp:featuredmedia":[{"embeddable":true,"href":"https:\/\/datet.vn\/en\/wp-json\/wp\/v2\/media\/20206"}],"wp:attachment":[{"href":"https:\/\/datet.vn\/en\/wp-json\/wp\/v2\/media?parent=20211"}],"curies":[{"name":"wp","href":"https:\/\/api.w.org\/{rel}","templated":true}]}}