{"id":20356,"date":"2022-11-29T15:18:55","date_gmt":"2022-11-29T08:18:55","guid":{"rendered":"https:\/\/datet.vn\/?post_type=product&#038;p=20356"},"modified":"2022-11-29T15:18:56","modified_gmt":"2022-11-29T08:18:56","slug":"bo-cau-chi-va-day-rut-cho-sua-chua-dien-trhn1116","status":"publish","type":"product","link":"https:\/\/datet.vn\/en\/shop\/dung-cu-torin\/dung-cu-cam-tay-thong-dung\/bo-cau-chi-va-day-rut-cho-sua-chua-dien-trhn1116","title":{"rendered":"(Ti\u1ebfng Vi\u1ec7t) B\u1ed9 c\u1ea7u ch\u00ec v\u00e0 d\u00e2y r\u00fat cho s\u1eeda ch\u1eefa \u0111i\u1ec7n TRHN1116"},"content":{"rendered":"<p class=\"qtranxs-available-languages-message qtranxs-available-languages-message-en\">Sorry, this entry is only available in <a href=\"https:\/\/datet.vn\/vi\/wp-json\/wp\/v2\/product\/20356\" class=\"qtranxs-available-language-link qtranxs-available-language-link-vi\" title=\"Ti\u1ebfng Vi\u1ec7t\">Vietnamese<\/a>.<\/p>","protected":false},"excerpt":{"rendered":"<p class=\"qtranxs-available-languages-message qtranxs-available-languages-message-en\">Sorry, this entry is only available in <a href=\"https:\/\/datet.vn\/vi\/wp-json\/wp\/v2\/product\/20356\" class=\"qtranxs-available-language-link qtranxs-available-language-link-vi\" title=\"Ti\u1ebfng Vi\u1ec7t\">Vietnamese<\/a>.<\/p>\n","protected":false},"featured_media":20357,"comment_status":"open","ping_status":"closed","template":"","meta":[],"_links":{"self":[{"href":"https:\/\/datet.vn\/en\/wp-json\/wp\/v2\/product\/20356"}],"collection":[{"href":"https:\/\/datet.vn\/en\/wp-json\/wp\/v2\/product"}],"about":[{"href":"https:\/\/datet.vn\/en\/wp-json\/wp\/v2\/types\/product"}],"replies":[{"embeddable":true,"href":"https:\/\/datet.vn\/en\/wp-json\/wp\/v2\/comments?post=20356"}],"wp:featuredmedia":[{"embeddable":true,"href":"https:\/\/datet.vn\/en\/wp-json\/wp\/v2\/media\/20357"}],"wp:attachment":[{"href":"https:\/\/datet.vn\/en\/wp-json\/wp\/v2\/media?parent=20356"}],"curies":[{"name":"wp","href":"https:\/\/api.w.org\/{rel}","templated":true}]}}