{"id":20384,"date":"2022-11-30T08:40:17","date_gmt":"2022-11-30T01:40:17","guid":{"rendered":"https:\/\/datet.vn\/?post_type=product&#038;p=20384"},"modified":"2022-11-30T08:40:18","modified_gmt":"2022-11-30T01:40:18","slug":"bo-tua-vit-dong-tua-vit-bake-dong-can-cam-cao-su-chac-chan-trhn1123","status":"publish","type":"product","link":"https:\/\/datet.vn\/en\/shop\/dung-cu-torin\/dung-cu-cam-tay-thong-dung\/bo-tua-vit-dong-tua-vit-bake-dong-can-cam-cao-su-chac-chan-trhn1123","title":{"rendered":"(Ti\u1ebfng Vi\u1ec7t) B\u1ed9 tua v\u00edt \u0111\u00f3ng, tua v\u00edt bake \u0111\u00f3ng c\u00e1n c\u1ea7m cao su ch\u1eafc ch\u1eafn TRHN1123"},"content":{"rendered":"<p class=\"qtranxs-available-languages-message qtranxs-available-languages-message-en\">Sorry, this entry is only available in <a href=\"https:\/\/datet.vn\/vi\/wp-json\/wp\/v2\/product\/20384\" class=\"qtranxs-available-language-link qtranxs-available-language-link-vi\" title=\"Ti\u1ebfng Vi\u1ec7t\">Vietnamese<\/a>.<\/p>","protected":false},"excerpt":{"rendered":"<p class=\"qtranxs-available-languages-message qtranxs-available-languages-message-en\">Sorry, this entry is only available in <a href=\"https:\/\/datet.vn\/vi\/wp-json\/wp\/v2\/product\/20384\" class=\"qtranxs-available-language-link qtranxs-available-language-link-vi\" title=\"Ti\u1ebfng Vi\u1ec7t\">Vietnamese<\/a>.<\/p>\n","protected":false},"featured_media":20388,"comment_status":"open","ping_status":"closed","template":"","meta":[],"_links":{"self":[{"href":"https:\/\/datet.vn\/en\/wp-json\/wp\/v2\/product\/20384"}],"collection":[{"href":"https:\/\/datet.vn\/en\/wp-json\/wp\/v2\/product"}],"about":[{"href":"https:\/\/datet.vn\/en\/wp-json\/wp\/v2\/types\/product"}],"replies":[{"embeddable":true,"href":"https:\/\/datet.vn\/en\/wp-json\/wp\/v2\/comments?post=20384"}],"wp:featuredmedia":[{"embeddable":true,"href":"https:\/\/datet.vn\/en\/wp-json\/wp\/v2\/media\/20388"}],"wp:attachment":[{"href":"https:\/\/datet.vn\/en\/wp-json\/wp\/v2\/media?parent=20384"}],"curies":[{"name":"wp","href":"https:\/\/api.w.org\/{rel}","templated":true}]}}