{"id":20418,"date":"2023-01-13T14:27:52","date_gmt":"2023-01-13T07:27:52","guid":{"rendered":"https:\/\/datet.vn\/?post_type=product&#038;p=20418"},"modified":"2023-01-13T14:27:53","modified_gmt":"2023-01-13T07:27:53","slug":"bo-lay-oc-vit-hu-dau-bo-vit-dong-mo-oc-vit-hu-dau-dn-a1015","status":"publish","type":"product","link":"https:\/\/datet.vn\/en\/shop\/dung-cu-dnt\/bo-lay-oc-vit-hu-dau-bo-vit-dong-mo-oc-vit-hu-dau-dn-a1015","title":{"rendered":"(Ti\u1ebfng Vi\u1ec7t) B\u1ed9 l\u1ea5y \u1ed1c v\u00edt h\u01b0 \u0111\u1ea7u, b\u1ed9 v\u00edt \u0111\u00f3ng m\u1edf \u1ed1c v\u00edt h\u01b0 \u0111\u1ea7u DN-A1015"},"content":{"rendered":"<p class=\"qtranxs-available-languages-message qtranxs-available-languages-message-en\">Sorry, this entry is only available in <a href=\"https:\/\/datet.vn\/vi\/wp-json\/wp\/v2\/product\/20418\" class=\"qtranxs-available-language-link qtranxs-available-language-link-vi\" title=\"Ti\u1ebfng Vi\u1ec7t\">Vietnamese<\/a>.<\/p>","protected":false},"excerpt":{"rendered":"<p class=\"qtranxs-available-languages-message qtranxs-available-languages-message-en\">Sorry, this entry is only available in <a href=\"https:\/\/datet.vn\/vi\/wp-json\/wp\/v2\/product\/20418\" class=\"qtranxs-available-language-link qtranxs-available-language-link-vi\" title=\"Ti\u1ebfng Vi\u1ec7t\">Vietnamese<\/a>.<\/p>\n","protected":false},"featured_media":20423,"comment_status":"open","ping_status":"closed","template":"","meta":[],"_links":{"self":[{"href":"https:\/\/datet.vn\/en\/wp-json\/wp\/v2\/product\/20418"}],"collection":[{"href":"https:\/\/datet.vn\/en\/wp-json\/wp\/v2\/product"}],"about":[{"href":"https:\/\/datet.vn\/en\/wp-json\/wp\/v2\/types\/product"}],"replies":[{"embeddable":true,"href":"https:\/\/datet.vn\/en\/wp-json\/wp\/v2\/comments?post=20418"}],"wp:featuredmedia":[{"embeddable":true,"href":"https:\/\/datet.vn\/en\/wp-json\/wp\/v2\/media\/20423"}],"wp:attachment":[{"href":"https:\/\/datet.vn\/en\/wp-json\/wp\/v2\/media?parent=20418"}],"curies":[{"name":"wp","href":"https:\/\/api.w.org\/{rel}","templated":true}]}}