{"id":20552,"date":"2024-07-19T10:57:09","date_gmt":"2024-07-19T03:57:09","guid":{"rendered":"https:\/\/datet.vn\/?post_type=product&#038;p=20552"},"modified":"2024-07-19T11:09:49","modified_gmt":"2024-07-19T04:09:49","slug":"may-rua-xe-gia-dinh-ap-luc-cao-2200w-tu-dong-ngat-100-piston-su-ben-hon-mat-hon-dt-2210s4c","status":"publish","type":"product","link":"https:\/\/datet.vn\/en\/shop\/thiet-bi-ve-sinh\/may-rua-xe-gia-dinh-ap-luc-cao-2200w-tu-dong-ngat-100-piston-su-ben-hon-mat-hon-dt-2210s4c","title":{"rendered":"(Ti\u1ebfng Vi\u1ec7t) M\u00e1y r\u1eeda xe gia \u0111\u00ecnh \u00e1p l\u1ef1c cao 2200W t\u1ef1 \u0111\u1ed9ng ng\u1eaft 100% piston s\u1ee9 b\u1ec1n h\u01a1n-m\u00e1t h\u01a1n DT-2210S4C"},"content":{"rendered":"<p class=\"qtranxs-available-languages-message qtranxs-available-languages-message-en\">Sorry, this entry is only available in <a href=\"https:\/\/datet.vn\/vi\/wp-json\/wp\/v2\/product\/20552\" class=\"qtranxs-available-language-link qtranxs-available-language-link-vi\" title=\"Ti\u1ebfng Vi\u1ec7t\">Vietnamese<\/a>.<\/p>","protected":false},"excerpt":{"rendered":"<p class=\"qtranxs-available-languages-message qtranxs-available-languages-message-en\">Sorry, this entry is only available in <a href=\"https:\/\/datet.vn\/vi\/wp-json\/wp\/v2\/product\/20552\" class=\"qtranxs-available-language-link qtranxs-available-language-link-vi\" title=\"Ti\u1ebfng Vi\u1ec7t\">Vietnamese<\/a>.<\/p>\n","protected":false},"featured_media":20558,"comment_status":"open","ping_status":"closed","template":"","meta":[],"_links":{"self":[{"href":"https:\/\/datet.vn\/en\/wp-json\/wp\/v2\/product\/20552"}],"collection":[{"href":"https:\/\/datet.vn\/en\/wp-json\/wp\/v2\/product"}],"about":[{"href":"https:\/\/datet.vn\/en\/wp-json\/wp\/v2\/types\/product"}],"replies":[{"embeddable":true,"href":"https:\/\/datet.vn\/en\/wp-json\/wp\/v2\/comments?post=20552"}],"wp:featuredmedia":[{"embeddable":true,"href":"https:\/\/datet.vn\/en\/wp-json\/wp\/v2\/media\/20558"}],"wp:attachment":[{"href":"https:\/\/datet.vn\/en\/wp-json\/wp\/v2\/media?parent=20552"}],"curies":[{"name":"wp","href":"https:\/\/api.w.org\/{rel}","templated":true}]}}