{"id":20593,"date":"2024-07-19T11:37:37","date_gmt":"2024-07-19T04:37:37","guid":{"rendered":"https:\/\/datet.vn\/?post_type=product&#038;p=20593"},"modified":"2024-07-19T11:37:37","modified_gmt":"2024-07-19T04:37:37","slug":"may-ban-trau-ve-sinh-dong-co-o-to-xe-may-sieu-sach-an-toan-chinh-hang-autool-hts-518","status":"publish","type":"product","link":"https:\/\/datet.vn\/en\/shop\/thiet-bi-ve-sinh\/may-ban-trau-ve-sinh-dong-co-o-to-xe-may-sieu-sach-an-toan-chinh-hang-autool-hts-518","title":{"rendered":"(Ti\u1ebfng Vi\u1ec7t) M\u00e1y b\u1eafn tr\u1ea5u v\u1ec7 sinh \u0111\u1ed9ng c\u01a1 \u00f4 t\u00f4 xe m\u00e1y si\u00eau s\u1ea1ch an to\u00e0n ch\u00ednh h\u00e3ng Autool HTS 518"},"content":{"rendered":"<p class=\"qtranxs-available-languages-message qtranxs-available-languages-message-en\">Sorry, this entry is only available in <a href=\"https:\/\/datet.vn\/vi\/wp-json\/wp\/v2\/product\/20593\" class=\"qtranxs-available-language-link qtranxs-available-language-link-vi\" title=\"Ti\u1ebfng Vi\u1ec7t\">Vietnamese<\/a>.<\/p>","protected":false},"excerpt":{"rendered":"<p class=\"qtranxs-available-languages-message qtranxs-available-languages-message-en\">Sorry, this entry is only available in <a href=\"https:\/\/datet.vn\/vi\/wp-json\/wp\/v2\/product\/20593\" class=\"qtranxs-available-language-link qtranxs-available-language-link-vi\" title=\"Ti\u1ebfng Vi\u1ec7t\">Vietnamese<\/a>.<\/p>\n","protected":false},"featured_media":20602,"comment_status":"open","ping_status":"closed","template":"","meta":[],"_links":{"self":[{"href":"https:\/\/datet.vn\/en\/wp-json\/wp\/v2\/product\/20593"}],"collection":[{"href":"https:\/\/datet.vn\/en\/wp-json\/wp\/v2\/product"}],"about":[{"href":"https:\/\/datet.vn\/en\/wp-json\/wp\/v2\/types\/product"}],"replies":[{"embeddable":true,"href":"https:\/\/datet.vn\/en\/wp-json\/wp\/v2\/comments?post=20593"}],"wp:featuredmedia":[{"embeddable":true,"href":"https:\/\/datet.vn\/en\/wp-json\/wp\/v2\/media\/20602"}],"wp:attachment":[{"href":"https:\/\/datet.vn\/en\/wp-json\/wp\/v2\/media?parent=20593"}],"curies":[{"name":"wp","href":"https:\/\/api.w.org\/{rel}","templated":true}]}}