{"id":20604,"date":"2024-08-16T16:43:22","date_gmt":"2024-08-16T09:43:22","guid":{"rendered":"https:\/\/datet.vn\/?post_type=product&#038;p=20604"},"modified":"2024-08-16T16:43:23","modified_gmt":"2024-08-16T09:43:23","slug":"may-ra-vao-lop-xe-o-to-xe-may-da-nang-24-inch-tru-gat-gu-day-du-tay-don-tro-luc-va-mo-vit-tu-dong","status":"publish","type":"product","link":"https:\/\/datet.vn\/en\/shop\/thiet-bi-lop-banh-xe\/may-ra-vao-lop-xe-o-to-xe-may-da-nang-24-inch-tru-gat-gu-day-du-tay-don-tro-luc-va-mo-vit-tu-dong","title":{"rendered":"(Ti\u1ebfng Vi\u1ec7t) M\u00e1y ra v\u00e0o l\u1ed1p xe \u00f4 t\u00f4 \u2013 xe m\u00e1y \u0111a n\u0103ng 24 inch tr\u1ee5 g\u1eadt g\u00f9 \u0111\u1ea7y \u0111\u1ee7 tay \u0111\u00f2n tr\u1ee3 l\u1ef1c v\u00e0 m\u1ecf v\u1ecbt t\u1ef1 \u0111\u1ed9ng"},"content":{"rendered":"<p class=\"qtranxs-available-languages-message qtranxs-available-languages-message-en\">Sorry, this entry is only available in <a href=\"https:\/\/datet.vn\/vi\/wp-json\/wp\/v2\/product\/20604\" class=\"qtranxs-available-language-link qtranxs-available-language-link-vi\" title=\"Ti\u1ebfng Vi\u1ec7t\">Vietnamese<\/a>.<\/p>","protected":false},"excerpt":{"rendered":"<p class=\"qtranxs-available-languages-message qtranxs-available-languages-message-en\">Sorry, this entry is only available in <a href=\"https:\/\/datet.vn\/vi\/wp-json\/wp\/v2\/product\/20604\" class=\"qtranxs-available-language-link qtranxs-available-language-link-vi\" title=\"Ti\u1ebfng Vi\u1ec7t\">Vietnamese<\/a>.<\/p>\n","protected":false},"featured_media":20612,"comment_status":"open","ping_status":"closed","template":"","meta":[],"_links":{"self":[{"href":"https:\/\/datet.vn\/en\/wp-json\/wp\/v2\/product\/20604"}],"collection":[{"href":"https:\/\/datet.vn\/en\/wp-json\/wp\/v2\/product"}],"about":[{"href":"https:\/\/datet.vn\/en\/wp-json\/wp\/v2\/types\/product"}],"replies":[{"embeddable":true,"href":"https:\/\/datet.vn\/en\/wp-json\/wp\/v2\/comments?post=20604"}],"wp:featuredmedia":[{"embeddable":true,"href":"https:\/\/datet.vn\/en\/wp-json\/wp\/v2\/media\/20612"}],"wp:attachment":[{"href":"https:\/\/datet.vn\/en\/wp-json\/wp\/v2\/media?parent=20604"}],"curies":[{"name":"wp","href":"https:\/\/api.w.org\/{rel}","templated":true}]}}