{"id":20614,"date":"2024-08-16T16:55:37","date_gmt":"2024-08-16T09:55:37","guid":{"rendered":"https:\/\/datet.vn\/?post_type=product&#038;p=20614"},"modified":"2024-08-16T16:55:38","modified_gmt":"2024-08-16T09:55:38","slug":"may-ra-vao-lop-xe-o-to-xe-may-24-inch-da-nang-co-lo-via-tro-luc-tang-kem-vau-kep-chong-tray-mam","status":"publish","type":"product","link":"https:\/\/datet.vn\/en\/shop\/thiet-bi-lop-banh-xe\/may-ra-vao-lop-xe-o-to-xe-may-24-inch-da-nang-co-lo-via-tro-luc-tang-kem-vau-kep-chong-tray-mam","title":{"rendered":"(Ti\u1ebfng Vi\u1ec7t) M\u00e1y ra v\u00e0o l\u1ed1p xe \u00f4 t\u00f4-xe m\u00e1y 24 inch \u0111a n\u0103ng c\u00f3 l\u01a1 via tr\u1ee3 l\u1ef1c t\u1eb7ng k\u00e8m v\u1ea5u k\u1eb9p ch\u1ed1ng tr\u1ea7y m\u00e2m"},"content":{"rendered":"<p class=\"qtranxs-available-languages-message qtranxs-available-languages-message-en\">Sorry, this entry is only available in <a href=\"https:\/\/datet.vn\/vi\/wp-json\/wp\/v2\/product\/20614\" class=\"qtranxs-available-language-link qtranxs-available-language-link-vi\" title=\"Ti\u1ebfng Vi\u1ec7t\">Vietnamese<\/a>.<\/p>","protected":false},"excerpt":{"rendered":"<p class=\"qtranxs-available-languages-message qtranxs-available-languages-message-en\">Sorry, this entry is only available in <a href=\"https:\/\/datet.vn\/vi\/wp-json\/wp\/v2\/product\/20614\" class=\"qtranxs-available-language-link qtranxs-available-language-link-vi\" title=\"Ti\u1ebfng Vi\u1ec7t\">Vietnamese<\/a>.<\/p>\n","protected":false},"featured_media":20615,"comment_status":"open","ping_status":"closed","template":"","meta":[],"_links":{"self":[{"href":"https:\/\/datet.vn\/en\/wp-json\/wp\/v2\/product\/20614"}],"collection":[{"href":"https:\/\/datet.vn\/en\/wp-json\/wp\/v2\/product"}],"about":[{"href":"https:\/\/datet.vn\/en\/wp-json\/wp\/v2\/types\/product"}],"replies":[{"embeddable":true,"href":"https:\/\/datet.vn\/en\/wp-json\/wp\/v2\/comments?post=20614"}],"wp:featuredmedia":[{"embeddable":true,"href":"https:\/\/datet.vn\/en\/wp-json\/wp\/v2\/media\/20615"}],"wp:attachment":[{"href":"https:\/\/datet.vn\/en\/wp-json\/wp\/v2\/media?parent=20614"}],"curies":[{"name":"wp","href":"https:\/\/api.w.org\/{rel}","templated":true}]}}