{"id":20624,"date":"2024-08-20T10:29:23","date_gmt":"2024-08-20T03:29:23","guid":{"rendered":"https:\/\/datet.vn\/?post_type=product&#038;p=20624"},"modified":"2024-08-20T10:29:23","modified_gmt":"2024-08-20T03:29:23","slug":"may-ra-vao-vo-xe-o-to-xe-may-voi-co-mam-ho-tro-len-den-24-inch-2-tay-don-tro-luc-sieu-khoe-dt-j102","status":"publish","type":"product","link":"https:\/\/datet.vn\/en\/shop\/thiet-bi-lop-banh-xe\/may-ra-vao-vo-xe-o-to-xe-may-voi-co-mam-ho-tro-len-den-24-inch-2-tay-don-tro-luc-sieu-khoe-dt-j102","title":{"rendered":"(Ti\u1ebfng Vi\u1ec7t) M\u00e1y ra v\u00e0o v\u1ecf xe \u00f4 t\u00f4 &#8211; xe m\u00e1y v\u1edbi c\u1ee1 m\u00e2m h\u1ed5 tr\u1ee3 l\u00ean \u0111\u1ebfn 24 inch 2 tay \u0111\u00f2n tr\u1ee3 l\u1ef1c si\u00eau kh\u1ecfe DT-J102"},"content":{"rendered":"<p class=\"qtranxs-available-languages-message qtranxs-available-languages-message-en\">Sorry, this entry is only available in <a href=\"https:\/\/datet.vn\/vi\/wp-json\/wp\/v2\/product\/20624\" class=\"qtranxs-available-language-link qtranxs-available-language-link-vi\" title=\"Ti\u1ebfng Vi\u1ec7t\">Vietnamese<\/a>.<\/p>","protected":false},"excerpt":{"rendered":"<p class=\"qtranxs-available-languages-message qtranxs-available-languages-message-en\">Sorry, this entry is only available in <a href=\"https:\/\/datet.vn\/vi\/wp-json\/wp\/v2\/product\/20624\" class=\"qtranxs-available-language-link qtranxs-available-language-link-vi\" title=\"Ti\u1ebfng Vi\u1ec7t\">Vietnamese<\/a>.<\/p>\n","protected":false},"featured_media":20632,"comment_status":"open","ping_status":"closed","template":"","meta":[],"_links":{"self":[{"href":"https:\/\/datet.vn\/en\/wp-json\/wp\/v2\/product\/20624"}],"collection":[{"href":"https:\/\/datet.vn\/en\/wp-json\/wp\/v2\/product"}],"about":[{"href":"https:\/\/datet.vn\/en\/wp-json\/wp\/v2\/types\/product"}],"replies":[{"embeddable":true,"href":"https:\/\/datet.vn\/en\/wp-json\/wp\/v2\/comments?post=20624"}],"wp:featuredmedia":[{"embeddable":true,"href":"https:\/\/datet.vn\/en\/wp-json\/wp\/v2\/media\/20632"}],"wp:attachment":[{"href":"https:\/\/datet.vn\/en\/wp-json\/wp\/v2\/media?parent=20624"}],"curies":[{"name":"wp","href":"https:\/\/api.w.org\/{rel}","templated":true}]}}