{"id":20645,"date":"2024-08-20T11:18:06","date_gmt":"2024-08-20T04:18:06","guid":{"rendered":"https:\/\/datet.vn\/?post_type=product&#038;p=20645"},"modified":"2024-08-20T11:18:06","modified_gmt":"2024-08-20T04:18:06","slug":"may-canh-mam-bam-chi-mam-xe-o-to-ho-tro-mam-xe-len-den-24-inch-dt-y106","status":"publish","type":"product","link":"https:\/\/datet.vn\/en\/shop\/thiet-bi-lop-banh-xe\/may-canh-mam-bam-chi-mam-xe-o-to-ho-tro-mam-xe-len-den-24-inch-dt-y106","title":{"rendered":"(Ti\u1ebfng Vi\u1ec7t) M\u00e1y canh m\u00e2m b\u1ea5m ch\u00ec m\u00e2m xe \u00f4 t\u00f4 h\u1ed5 tr\u1ee3 m\u00e2m xe l\u00ean \u0111\u1ebfn 24 inch DT-Y106"},"content":{"rendered":"<p class=\"qtranxs-available-languages-message qtranxs-available-languages-message-en\">Sorry, this entry is only available in <a href=\"https:\/\/datet.vn\/vi\/wp-json\/wp\/v2\/product\/20645\" class=\"qtranxs-available-language-link qtranxs-available-language-link-vi\" title=\"Ti\u1ebfng Vi\u1ec7t\">Vietnamese<\/a>.<\/p>","protected":false},"excerpt":{"rendered":"<p class=\"qtranxs-available-languages-message qtranxs-available-languages-message-en\">Sorry, this entry is only available in <a href=\"https:\/\/datet.vn\/vi\/wp-json\/wp\/v2\/product\/20645\" class=\"qtranxs-available-language-link qtranxs-available-language-link-vi\" title=\"Ti\u1ebfng Vi\u1ec7t\">Vietnamese<\/a>.<\/p>\n","protected":false},"featured_media":20652,"comment_status":"open","ping_status":"closed","template":"","meta":[],"_links":{"self":[{"href":"https:\/\/datet.vn\/en\/wp-json\/wp\/v2\/product\/20645"}],"collection":[{"href":"https:\/\/datet.vn\/en\/wp-json\/wp\/v2\/product"}],"about":[{"href":"https:\/\/datet.vn\/en\/wp-json\/wp\/v2\/types\/product"}],"replies":[{"embeddable":true,"href":"https:\/\/datet.vn\/en\/wp-json\/wp\/v2\/comments?post=20645"}],"wp:featuredmedia":[{"embeddable":true,"href":"https:\/\/datet.vn\/en\/wp-json\/wp\/v2\/media\/20652"}],"wp:attachment":[{"href":"https:\/\/datet.vn\/en\/wp-json\/wp\/v2\/media?parent=20645"}],"curies":[{"name":"wp","href":"https:\/\/api.w.org\/{rel}","templated":true}]}}