{"id":20654,"date":"2024-08-20T11:27:07","date_gmt":"2024-08-20T04:27:07","guid":{"rendered":"https:\/\/datet.vn\/?post_type=product&#038;p=20654"},"modified":"2024-08-20T11:27:07","modified_gmt":"2024-08-20T04:27:07","slug":"may-banh-lop-xe-o-to-xe-may-chuyen-dung-trang-bi-den-led-thong-minh-dt-s275","status":"publish","type":"product","link":"https:\/\/datet.vn\/en\/shop\/thiet-bi-lop-banh-xe\/may-banh-lop-xe-o-to-xe-may-chuyen-dung-trang-bi-den-led-thong-minh-dt-s275","title":{"rendered":"(Ti\u1ebfng Vi\u1ec7t) M\u00e1y banh l\u1ed1p xe \u00f4 t\u00f4 \u2013 xe m\u00e1y chuy\u00ean d\u1ee5ng trang b\u1ecb \u0111\u00e8n led th\u00f4ng minh DT-S275"},"content":{"rendered":"<p class=\"qtranxs-available-languages-message qtranxs-available-languages-message-en\">Sorry, this entry is only available in <a href=\"https:\/\/datet.vn\/vi\/wp-json\/wp\/v2\/product\/20654\" class=\"qtranxs-available-language-link qtranxs-available-language-link-vi\" title=\"Ti\u1ebfng Vi\u1ec7t\">Vietnamese<\/a>.<\/p>","protected":false},"excerpt":{"rendered":"<p class=\"qtranxs-available-languages-message qtranxs-available-languages-message-en\">Sorry, this entry is only available in <a href=\"https:\/\/datet.vn\/vi\/wp-json\/wp\/v2\/product\/20654\" class=\"qtranxs-available-language-link qtranxs-available-language-link-vi\" title=\"Ti\u1ebfng Vi\u1ec7t\">Vietnamese<\/a>.<\/p>\n","protected":false},"featured_media":20661,"comment_status":"open","ping_status":"closed","template":"","meta":[],"_links":{"self":[{"href":"https:\/\/datet.vn\/en\/wp-json\/wp\/v2\/product\/20654"}],"collection":[{"href":"https:\/\/datet.vn\/en\/wp-json\/wp\/v2\/product"}],"about":[{"href":"https:\/\/datet.vn\/en\/wp-json\/wp\/v2\/types\/product"}],"replies":[{"embeddable":true,"href":"https:\/\/datet.vn\/en\/wp-json\/wp\/v2\/comments?post=20654"}],"wp:featuredmedia":[{"embeddable":true,"href":"https:\/\/datet.vn\/en\/wp-json\/wp\/v2\/media\/20661"}],"wp:attachment":[{"href":"https:\/\/datet.vn\/en\/wp-json\/wp\/v2\/media?parent=20654"}],"curies":[{"name":"wp","href":"https:\/\/api.w.org\/{rel}","templated":true}]}}